{"id":126,"date":"2022-11-24T10:33:17","date_gmt":"2022-11-24T09:33:17","guid":{"rendered":"https:\/\/mlmorlaix.wordpress.com\/?page_id=126"},"modified":"2026-01-16T11:41:33","modified_gmt":"2026-01-16T10:41:33","slug":"emploi","status":"publish","type":"page","link":"http:\/\/www.mission-locale-morlaix.fr\/index.php\/espace-jeune\/emploi\/","title":{"rendered":"EMPLOI"},"content":{"rendered":"\n<div class=\"wp-block-query is-layout-flow wp-block-query-is-layout-flow\"><ul class=\"columns-2 alignfull wp-block-post-template is-layout-grid wp-container-core-post-template-is-layout-f12a65ed wp-block-post-template-is-layout-grid\"><li class=\"wp-block-post post-2830 page type-page status-publish hentry entry\">\n\n<div class=\"wp-block-group has-normal-font-size is-vertical is-content-justification-left is-layout-flex wp-container-core-group-is-layout-2c20a069 wp-block-group-is-layout-flex\" style=\"padding-top:30px;padding-right:15px;padding-bottom:30px;padding-left:15px\"><h2 style=\"color:#2897d5;\" class=\"has-link-color wp-elements-3a21bb0fde685356c01f2b472f793966 wp-block-post-title has-text-color\"><a href=\"http:\/\/www.mission-locale-morlaix.fr\/index.php\/espace-jeune\/emploi\/jai-besoin-dun-accompagnement\/\" target=\"_self\" >J&rsquo;ai besoin d&rsquo;un accompagnement<\/a><\/h2>\n\n<div style=\"border-top-left-radius:0px;border-top-right-radius:0px;border-bottom-left-radius:0px;border-bottom-right-radius:0px;border-style:none;border-width:0px; min-height:0px;\" class=\"entry-content wp-elements-307b9a6612a84ed2cd7a43a15d13c6c9 wp-block-post-content has-small-font-size is-layout-flow wp-container-core-post-content-is-layout-8a368f38 wp-block-post-content-is-layout-flow\">\n<p><strong>Pour am\u00e9liorer mes techniques de recherche d&#8217;emploi et d\u00e9velopper mes comp\u00e9tences, la Mission Locale propose :<\/strong><\/p>\n\n\n\n<ul class=\"wp-block-list\">\n<li>Un accompagnement individuel dans vos d\u00e9marches d&#8217;emploi<\/li>\n\n\n\n<li>Du Parrainage (<strong><em><a href=\"https:\/\/mlmorlaix.wordpress.com\/wp-content\/uploads\/2025\/11\/3cabe-parrainage.pdf\" target=\"_blank\" rel=\"noreferrer noopener\">Plaquette<\/a>,&nbsp;<a href=\"https:\/\/youtu.be\/4-slpQwPhMI\" target=\"_blank\" rel=\"noreferrer noopener\">Vid\u00e9o<\/a><\/em><\/strong>)<\/li>\n\n\n\n<li>Une PMSMP\u00a0pour tester un m\u00e9tier, d\u00e9couvrir une entreprise (<em><strong><a href=\"https:\/\/www.service-public.fr\/particuliers\/vosdroits\/F14102\" target=\"_blank\" rel=\"noreferrer noopener\">P\u00e9riode de Mise en Situation en Milieu Professionnel)<\/a><\/strong><\/em><\/li>\n<\/ul>\n\n\n\n<p><strong>Pour trouver ma place dans le monde du travail :<\/strong><\/p>\n\n\n\n<ul class=\"wp-block-list\">\n<li>Contrat d&rsquo;Engagement Jeune (<strong><em><a href=\"https:\/\/www.1jeune1solution.gouv.fr\/contrat-engagement-jeune\" target=\"_blank\" rel=\"noreferrer noopener\">CEJ<\/a><\/em><\/strong>)<\/li>\n<\/ul>\n<\/div><\/div>\n\n<\/li><li class=\"wp-block-post post-234 page type-page status-publish hentry entry\">\n\n<div class=\"wp-block-group has-normal-font-size is-vertical is-content-justification-left is-layout-flex wp-container-core-group-is-layout-2c20a069 wp-block-group-is-layout-flex\" style=\"padding-top:30px;padding-right:15px;padding-bottom:30px;padding-left:15px\"><h2 style=\"color:#2897d5;\" class=\"has-link-color wp-elements-3a21bb0fde685356c01f2b472f793966 wp-block-post-title has-text-color\"><a href=\"http:\/\/www.mission-locale-morlaix.fr\/index.php\/espace-jeune\/emploi\/je-recherche-de-linformation\/\" target=\"_self\" >Je recherche de l&rsquo;information<\/a><\/h2>\n\n<div style=\"border-top-left-radius:0px;border-top-right-radius:0px;border-bottom-left-radius:0px;border-bottom-right-radius:0px;border-style:none;border-width:0px; min-height:0px;\" class=\"entry-content wp-elements-307b9a6612a84ed2cd7a43a15d13c6c9 wp-block-post-content has-small-font-size is-layout-flow wp-container-core-post-content-is-layout-8a368f38 wp-block-post-content-is-layout-flow\">\n<p><strong>Sur les contrats <\/strong><\/p>\n\n\n\n<ul class=\"wp-block-list\">\n<li>Contrat \u00e0 Dur\u00e9e D\u00e9termin\u00e9 (<em><strong><a href=\"http:\/\/travail-emploi.gouv.fr\/droit-du-travail\/contrats-et-carriere\/contrats-de-travail\/article\/le-contrat-a-duree-determinee-cdd\" target=\"_blank\" rel=\"noreferrer noopener\">CDD<\/a><\/strong><\/em>), Contrat \u00e0 Dur\u00e9e Ind\u00e9termin\u00e9 (<em><strong><a href=\"https:\/\/travail-emploi.gouv.fr\/le-contrat-de-travail-duree-indeterminee-cdi\" target=\"_blank\" rel=\"noreferrer noopener\">CDI<\/a><\/strong><\/em>)<\/li>\n\n\n\n<li>Parcours Emploi Comp\u00e9tences&nbsp;(<em><strong><a href=\"http:\/\/travail-emploi.gouv.fr\/emploi\/parcours-emploi-competences\/\" target=\"_blank\" rel=\"noreferrer noopener\">PEC<\/a><\/strong><\/em>)<\/li>\n\n\n\n<li><a href=\"http:\/\/travail-emploi.gouv.fr\/formation-professionnelle\/se-former-en-alternance\/article\/tout-comprendre-de-l-alternance\" target=\"_blank\" rel=\"noreferrer noopener\"><em><strong>Contrats en alternance<\/strong><\/em><\/a><\/li>\n\n\n\n<li><a href=\"https:\/\/www.service-civique.gouv.fr\/\" target=\"_blank\" rel=\"noreferrer noopener\"><em><strong>Service civique<\/strong><\/em><\/a><\/li>\n<\/ul>\n\n\n\n<p><strong>Sur le bassin d\u2019emploi <\/strong><\/p>\n\n\n\n<ul class=\"wp-block-list\">\n<li>Informations collectives, Forums, Salons<\/li>\n<\/ul>\n\n\n\n<p><\/p>\n<\/div><\/div>\n\n<\/li><\/ul><\/div>\n\n\n\n<figure class=\"wp-block-image size-large\"><img loading=\"lazy\" decoding=\"async\" width=\"1024\" height=\"102\" src=\"https:\/\/www.mission-locale-morlaix.fr\/wp-content\/uploads\/2025\/12\/Bandes-charte--1024x102.png\" alt=\"\" class=\"wp-image-3474\" srcset=\"http:\/\/www.mission-locale-morlaix.fr\/wp-content\/uploads\/2025\/12\/Bandes-charte--1024x102.png 1024w, http:\/\/www.mission-locale-morlaix.fr\/wp-content\/uploads\/2025\/12\/Bandes-charte--300x30.png 300w, http:\/\/www.mission-locale-morlaix.fr\/wp-content\/uploads\/2025\/12\/Bandes-charte--768x77.png 768w, http:\/\/www.mission-locale-morlaix.fr\/wp-content\/uploads\/2025\/12\/Bandes-charte--1536x154.png 1536w, http:\/\/www.mission-locale-morlaix.fr\/wp-content\/uploads\/2025\/12\/Bandes-charte--2048x205.png 2048w, http:\/\/www.mission-locale-morlaix.fr\/wp-content\/uploads\/2025\/12\/Bandes-charte--1568x157.png 1568w\" sizes=\"auto, (max-width: 1024px) 100vw, 1024px\" \/><\/figure>\n\n\n\n<h2 class=\"wp-block-heading has-text-color has-link-color wp-elements-f948ae092b6432b5ed13b72442d28407\" style=\"color:#8c195b\"><strong>Actualit\u00e9 Emploi<\/strong><\/h2>\n\n\n\n<div class=\"wp-block-query is-layout-flow wp-block-query-is-layout-flow\"><ul class=\"wp-block-post-template is-layout-flow wp-block-post-template-is-layout-flow\"><li class=\"wp-block-post post-3814 post type-post status-publish format-standard has-post-thumbnail hentry category-dernieres-actualiteemploi category-dernieres-infos entry\">\n\n<div class=\"wp-block-columns are-vertically-aligned-top is-layout-flex wp-container-core-columns-is-layout-28f84493 wp-block-columns-is-layout-flex\">\n<div class=\"wp-block-column is-vertically-aligned-top is-layout-flow wp-block-column-is-layout-flow\" style=\"flex-basis:75%\"><h3 style=\"color:#a3195b;\" class=\"has-link-color wp-elements-955be0fc0dafb8bcc66a2899f7f75ea9 wp-block-post-title has-text-color\"><a href=\"http:\/\/www.mission-locale-morlaix.fr\/index.php\/2026\/03\/17\/forum-des-entreprises-adaptees\/\" target=\"_self\" >Forum des Entreprises Adapt\u00e9es<\/a><\/h3>\n\n<div class=\"wp-block-post-excerpt\"><p class=\"wp-block-post-excerpt__excerpt\">Forum des Entreprises Adapt\u00e9es. Offres d&#8217;emploi, rencontres employeurs, t\u00e9moignages&#8230; <\/p><\/div><\/div>\n\n\n\n<div class=\"wp-block-column is-vertically-aligned-top is-layout-flow wp-block-column-is-layout-flow\" style=\"flex-basis:25%\"><figure style=\"aspect-ratio:auto;\" class=\"wp-block-post-featured-image\"><a href=\"http:\/\/www.mission-locale-morlaix.fr\/index.php\/2026\/03\/17\/forum-des-entreprises-adaptees\/\" target=\"_self\"  ><img loading=\"lazy\" decoding=\"async\" width=\"603\" height=\"857\" src=\"http:\/\/www.mission-locale-morlaix.fr\/wp-content\/uploads\/2026\/03\/CAP-Emploi-03-04-2026.png\" class=\"attachment-post-thumbnail size-post-thumbnail wp-post-image\" alt=\"Forum des Entreprises Adapt\u00e9es\" style=\"width:100%;height:100%;object-fit:cover;\" srcset=\"http:\/\/www.mission-locale-morlaix.fr\/wp-content\/uploads\/2026\/03\/CAP-Emploi-03-04-2026.png 603w, http:\/\/www.mission-locale-morlaix.fr\/wp-content\/uploads\/2026\/03\/CAP-Emploi-03-04-2026-211x300.png 211w\" sizes=\"auto, (max-width: 603px) 100vw, 603px\" \/><\/a><\/figure><\/div>\n<\/div>\n\n<\/li><li class=\"wp-block-post post-3762 post type-post status-publish format-standard has-post-thumbnail hentry category-dernieres-actualiteemploi category-dernieres-infos entry\">\n\n<div class=\"wp-block-columns are-vertically-aligned-top is-layout-flex wp-container-core-columns-is-layout-28f84493 wp-block-columns-is-layout-flex\">\n<div class=\"wp-block-column is-vertically-aligned-top is-layout-flow wp-block-column-is-layout-flow\" style=\"flex-basis:75%\"><h3 style=\"color:#a3195b;\" class=\"has-link-color wp-elements-955be0fc0dafb8bcc66a2899f7f75ea9 wp-block-post-title has-text-color\"><a href=\"http:\/\/www.mission-locale-morlaix.fr\/index.php\/2026\/02\/12\/atelier-jobs-dete\/\" target=\"_self\" >Atelier Jobs d&rsquo;\u00e9t\u00e9 !<\/a><\/h3>\n\n<div class=\"wp-block-post-excerpt\"><p class=\"wp-block-post-excerpt__excerpt\">Atelier Jobs d&rsquo;\u00e9t\u00e9 pour construire son CV, r\u00e9diger une lettre de motivation <\/p><\/div><\/div>\n\n\n\n<div class=\"wp-block-column is-vertically-aligned-top is-layout-flow wp-block-column-is-layout-flow\" style=\"flex-basis:25%\"><figure style=\"aspect-ratio:auto;\" class=\"wp-block-post-featured-image\"><a href=\"http:\/\/www.mission-locale-morlaix.fr\/index.php\/2026\/02\/12\/atelier-jobs-dete\/\" target=\"_self\"  ><img loading=\"lazy\" decoding=\"async\" width=\"602\" height=\"857\" src=\"http:\/\/www.mission-locale-morlaix.fr\/wp-content\/uploads\/2026\/02\/Atelier-Jobs-dete-26-02.png\" class=\"attachment-post-thumbnail size-post-thumbnail wp-post-image\" alt=\"Atelier Jobs d&rsquo;\u00e9t\u00e9 !\" style=\"width:100%;height:100%;object-fit:cover;\" srcset=\"http:\/\/www.mission-locale-morlaix.fr\/wp-content\/uploads\/2026\/02\/Atelier-Jobs-dete-26-02.png 602w, http:\/\/www.mission-locale-morlaix.fr\/wp-content\/uploads\/2026\/02\/Atelier-Jobs-dete-26-02-211x300.png 211w\" sizes=\"auto, (max-width: 602px) 100vw, 602px\" \/><\/a><\/figure><\/div>\n<\/div>\n\n<\/li><li class=\"wp-block-post post-3758 post type-post status-publish format-standard has-post-thumbnail hentry category-dernieres-actualiteemploi category-dernieres-infos entry\">\n\n<div class=\"wp-block-columns are-vertically-aligned-top is-layout-flex wp-container-core-columns-is-layout-28f84493 wp-block-columns-is-layout-flex\">\n<div class=\"wp-block-column is-vertically-aligned-top is-layout-flow wp-block-column-is-layout-flow\" style=\"flex-basis:75%\"><h3 style=\"color:#a3195b;\" class=\"has-link-color wp-elements-955be0fc0dafb8bcc66a2899f7f75ea9 wp-block-post-title has-text-color\"><a href=\"http:\/\/www.mission-locale-morlaix.fr\/index.php\/2026\/02\/10\/ma-saison-sur-le-pays-de-morlaix-3\/\" target=\"_self\" >Ma SAISON sur le Pays de Morlaix<\/a><\/h3>\n\n<div class=\"wp-block-post-excerpt\"><p class=\"wp-block-post-excerpt__excerpt\">L&rsquo;action \u00ab\u00a0Ma saison sur le Pays de Morlaix\u00a0\u00bb est reconduite cette ann\u00e9e, 5 dates sont pr\u00e9vues. <\/p><\/div><\/div>\n\n\n\n<div class=\"wp-block-column is-vertically-aligned-top is-layout-flow wp-block-column-is-layout-flow\" style=\"flex-basis:25%\"><figure style=\"aspect-ratio:auto;\" class=\"wp-block-post-featured-image\"><a href=\"http:\/\/www.mission-locale-morlaix.fr\/index.php\/2026\/02\/10\/ma-saison-sur-le-pays-de-morlaix-3\/\" target=\"_self\"  ><img loading=\"lazy\" decoding=\"async\" width=\"647\" height=\"897\" src=\"http:\/\/www.mission-locale-morlaix.fr\/wp-content\/uploads\/2026\/02\/Ma-saison-27-02-au-07-04-2.png\" class=\"attachment-post-thumbnail size-post-thumbnail wp-post-image\" alt=\"Ma SAISON sur le Pays de Morlaix\" style=\"width:100%;height:100%;object-fit:cover;\" srcset=\"http:\/\/www.mission-locale-morlaix.fr\/wp-content\/uploads\/2026\/02\/Ma-saison-27-02-au-07-04-2.png 647w, http:\/\/www.mission-locale-morlaix.fr\/wp-content\/uploads\/2026\/02\/Ma-saison-27-02-au-07-04-2-216x300.png 216w\" sizes=\"auto, (max-width: 647px) 100vw, 647px\" \/><\/a><\/figure><\/div>\n<\/div>\n\n<\/li><li class=\"wp-block-post post-2651 post type-post status-publish format-standard has-post-thumbnail hentry category-dernieres-actualiteemploi category-dernieres-infos tag-applicationcej tag-bouge-toi tag-bouger tag-cej tag-coaching tag-developpement tag-landivisiau tag-mission-locale tag-morlaix tag-projets entry\">\n\n<div class=\"wp-block-columns are-vertically-aligned-top is-layout-flex wp-container-core-columns-is-layout-28f84493 wp-block-columns-is-layout-flex\">\n<div class=\"wp-block-column is-vertically-aligned-top is-layout-flow wp-block-column-is-layout-flow\" style=\"flex-basis:75%\"><h3 style=\"color:#a3195b;\" class=\"has-link-color wp-elements-955be0fc0dafb8bcc66a2899f7f75ea9 wp-block-post-title has-text-color\"><a href=\"http:\/\/www.mission-locale-morlaix.fr\/index.php\/2026\/01\/12\/4-jours-pour-aller-plus-loin\/\" target=\"_self\" >Et si tu osais maintenant ?<\/a><\/h3>\n\n<div class=\"wp-block-post-excerpt\"><p class=\"wp-block-post-excerpt__excerpt\">Tu veux\u00a0prendre confiance,\u00a0pr\u00e9parer ton avenir, et\u00a0rencontrer d\u2019autres jeunes motiv\u00e9s\u00a0? L\u2019atelier\u00a0BOUGE TOI\u00a0arrive \u00e0\u00a0Morlaix\u00a0et\u00a0Landivisiau\u00a0! <\/p><\/div><\/div>\n\n\n\n<div class=\"wp-block-column is-vertically-aligned-top is-layout-flow wp-block-column-is-layout-flow\" style=\"flex-basis:25%\"><figure style=\"aspect-ratio:auto;\" class=\"wp-block-post-featured-image\"><a href=\"http:\/\/www.mission-locale-morlaix.fr\/index.php\/2026\/01\/12\/4-jours-pour-aller-plus-loin\/\" target=\"_self\"  ><img loading=\"lazy\" decoding=\"async\" width=\"141\" height=\"113\" src=\"http:\/\/www.mission-locale-morlaix.fr\/wp-content\/uploads\/2026\/01\/Image-Bouge-toi.png\" class=\"attachment-post-thumbnail size-post-thumbnail wp-post-image\" alt=\"Et si tu osais maintenant ?\" style=\"width:100%;height:100%;object-fit:cover;\" \/><\/a><\/figure><\/div>\n<\/div>\n\n<\/li><li class=\"wp-block-post post-2511 post type-post status-publish format-standard has-post-thumbnail hentry category-dernieres-actualiteemploi category-dernieres-infos tag-servicecivique tag-volontaire entry\">\n\n<div class=\"wp-block-columns are-vertically-aligned-top is-layout-flex wp-container-core-columns-is-layout-28f84493 wp-block-columns-is-layout-flex\">\n<div class=\"wp-block-column is-vertically-aligned-top is-layout-flow wp-block-column-is-layout-flow\" style=\"flex-basis:75%\"><h3 style=\"color:#a3195b;\" class=\"has-link-color wp-elements-955be0fc0dafb8bcc66a2899f7f75ea9 wp-block-post-title has-text-color\"><a href=\"http:\/\/www.mission-locale-morlaix.fr\/index.php\/2025\/06\/23\/deviens-volontaire-en-service-civique\/\" target=\"_self\" >Deviens Volontaire en Service Civique<\/a><\/h3>\n\n<div class=\"wp-block-post-excerpt\"><p class=\"wp-block-post-excerpt__excerpt\">Mission \u00ab\u00a0Viens passer de l&rsquo;id\u00e9e \u00e0 l&rsquo;action\u00a0\u00bb Tu as une id\u00e9e, un projet, tu pourras b\u00e9n\u00e9ficier d&rsquo;un accompagnement, nous t&#8217;embarquerons \u00e9galement dans nos actions en direction des jeunes <\/p><\/div><\/div>\n\n\n\n<div class=\"wp-block-column is-vertically-aligned-top is-layout-flow wp-block-column-is-layout-flow\" style=\"flex-basis:25%\"><figure style=\"aspect-ratio:auto;\" class=\"wp-block-post-featured-image\"><a href=\"http:\/\/www.mission-locale-morlaix.fr\/index.php\/2025\/06\/23\/deviens-volontaire-en-service-civique\/\" target=\"_self\"  ><img loading=\"lazy\" decoding=\"async\" width=\"195\" height=\"172\" src=\"http:\/\/www.mission-locale-morlaix.fr\/wp-content\/uploads\/2025\/06\/Image-Service-Civique.png\" class=\"attachment-post-thumbnail size-post-thumbnail wp-post-image\" alt=\"Deviens Volontaire en Service Civique\" style=\"width:100%;height:100%;object-fit:cover;\" \/><\/a><\/figure><\/div>\n<\/div>\n\n<\/li><li class=\"wp-block-post post-2472 post type-post status-publish format-image has-post-thumbnail hentry category-dernieres-actualiteemploi category-dernieres-infos tag-avenir-des-jeunes tag-taxe-apprentissage post_format-post-format-image entry\">\n\n<div class=\"wp-block-columns are-vertically-aligned-top is-layout-flex wp-container-core-columns-is-layout-28f84493 wp-block-columns-is-layout-flex\">\n<div class=\"wp-block-column is-vertically-aligned-top is-layout-flow wp-block-column-is-layout-flow\" style=\"flex-basis:75%\"><h3 style=\"color:#a3195b;\" class=\"has-link-color wp-elements-955be0fc0dafb8bcc66a2899f7f75ea9 wp-block-post-title has-text-color\"><a href=\"http:\/\/www.mission-locale-morlaix.fr\/index.php\/2025\/05\/15\/taxe-dapprentissage\/\" target=\"_self\" >Taxe d&rsquo;Apprentissage<\/a><\/h3>\n\n<div class=\"wp-block-post-excerpt\"><p class=\"wp-block-post-excerpt__excerpt\">Si vous souhaitez contribuer \u00e0 l&rsquo;avenir des jeunes, vous pouvez verser une partie de votre taxe d&rsquo;apprentissage <\/p><\/div><\/div>\n\n\n\n<div class=\"wp-block-column is-vertically-aligned-top is-layout-flow wp-block-column-is-layout-flow\" style=\"flex-basis:25%\"><figure style=\"aspect-ratio:auto;\" class=\"wp-block-post-featured-image\"><a href=\"http:\/\/www.mission-locale-morlaix.fr\/index.php\/2025\/05\/15\/taxe-dapprentissage\/\" target=\"_self\"  ><img loading=\"lazy\" decoding=\"async\" width=\"857\" height=\"425\" src=\"http:\/\/www.mission-locale-morlaix.fr\/wp-content\/uploads\/2025\/05\/Taxe-dapprentissage.png\" class=\"attachment-post-thumbnail size-post-thumbnail wp-post-image\" alt=\"Taxe d&rsquo;Apprentissage\" style=\"width:100%;height:100%;object-fit:cover;\" srcset=\"http:\/\/www.mission-locale-morlaix.fr\/wp-content\/uploads\/2025\/05\/Taxe-dapprentissage.png 857w, http:\/\/www.mission-locale-morlaix.fr\/wp-content\/uploads\/2025\/05\/Taxe-dapprentissage-300x149.png 300w, http:\/\/www.mission-locale-morlaix.fr\/wp-content\/uploads\/2025\/05\/Taxe-dapprentissage-768x381.png 768w\" sizes=\"auto, (max-width: 857px) 100vw, 857px\" \/><\/a><\/figure><\/div>\n<\/div>\n\n<\/li><\/ul><\/div>\n","protected":false},"excerpt":{"rendered":"<p>Actualit\u00e9 Emploi<\/p>\n","protected":false},"author":1,"featured_media":3658,"parent":42,"menu_order":0,"comment_status":"closed","ping_status":"closed","template":"","meta":{"footnotes":""},"class_list":["post-126","page","type-page","status-publish","has-post-thumbnail","hentry","entry"],"_links":{"self":[{"href":"http:\/\/www.mission-locale-morlaix.fr\/index.php\/wp-json\/wp\/v2\/pages\/126","targetHints":{"allow":["GET"]}}],"collection":[{"href":"http:\/\/www.mission-locale-morlaix.fr\/index.php\/wp-json\/wp\/v2\/pages"}],"about":[{"href":"http:\/\/www.mission-locale-morlaix.fr\/index.php\/wp-json\/wp\/v2\/types\/page"}],"author":[{"embeddable":true,"href":"http:\/\/www.mission-locale-morlaix.fr\/index.php\/wp-json\/wp\/v2\/users\/1"}],"replies":[{"embeddable":true,"href":"http:\/\/www.mission-locale-morlaix.fr\/index.php\/wp-json\/wp\/v2\/comments?post=126"}],"version-history":[{"count":13,"href":"http:\/\/www.mission-locale-morlaix.fr\/index.php\/wp-json\/wp\/v2\/pages\/126\/revisions"}],"predecessor-version":[{"id":3735,"href":"http:\/\/www.mission-locale-morlaix.fr\/index.php\/wp-json\/wp\/v2\/pages\/126\/revisions\/3735"}],"up":[{"embeddable":true,"href":"http:\/\/www.mission-locale-morlaix.fr\/index.php\/wp-json\/wp\/v2\/pages\/42"}],"wp:featuredmedia":[{"embeddable":true,"href":"http:\/\/www.mission-locale-morlaix.fr\/index.php\/wp-json\/wp\/v2\/media\/3658"}],"wp:attachment":[{"href":"http:\/\/www.mission-locale-morlaix.fr\/index.php\/wp-json\/wp\/v2\/media?parent=126"}],"curies":[{"name":"wp","href":"https:\/\/api.w.org\/{rel}","templated":true}]}}