{"id":139,"date":"2022-11-24T10:54:19","date_gmt":"2022-11-24T09:54:19","guid":{"rendered":"https:\/\/mlmorlaix.wordpress.com\/?page_id=139"},"modified":"2026-01-16T11:43:55","modified_gmt":"2026-01-16T10:43:55","slug":"je-souhaite-recruter","status":"publish","type":"page","link":"http:\/\/www.mission-locale-morlaix.fr\/index.php\/espace-entreprise\/je-souhaite-recruter\/","title":{"rendered":"Je souhaite recruter"},"content":{"rendered":"\n<p><strong>Nous accompagnons les employeurs dans leurs besoins de recrutement, en facilitant la mise en relation avec des jeunes motiv\u00e9s, accompagn\u00e9s et pr\u00e9par\u00e9s \u00e0 l&#8217;emploi.<\/strong><\/p>\n\n\n\n<div class=\"wp-block-group\"><div class=\"wp-block-group__inner-container is-layout-constrained wp-block-group-is-layout-constrained\">\n<ul class=\"wp-block-list\">\n<li>Ciblage du besoin <\/li>\n\n\n\n<li>Proposition de candidatures cibl\u00e9es<\/li>\n\n\n\n<li>Validation par mise en situation pr\u00e9alable <a href=\"https:\/\/www.service-public.gouv.fr\/particuliers\/vosdroits\/F14102\" target=\"_blank\" rel=\"noreferrer noopener\"><em><strong>PMSMP<\/strong><\/em><\/a><\/li>\n\n\n\n<li>Aide \u00e0 l\u2019embauche <\/li>\n\n\n\n<li>Accompagnement dans l\u2019emploi : Contrats aid\u00e9s <a href=\"https:\/\/travail-emploi.gouv.fr\/emploi\/parcours-emploi-competences\/article\/parcours-emploi-competences\" target=\"_blank\" rel=\"noreferrer noopener\"><em><strong>PEC<\/strong><\/em><\/a><\/li>\n<\/ul>\n<\/div><\/div>\n\n\n\n<p><\/p>\n","protected":false},"excerpt":{"rendered":"<p>Nous accompagnons les employeurs dans leurs besoins de recrutement, en facilitant la mise en relation avec des jeunes motiv\u00e9s, accompagn\u00e9s et pr\u00e9par\u00e9s \u00e0 l&#8217;emploi.<\/p>\n","protected":false},"author":1,"featured_media":3643,"parent":46,"menu_order":0,"comment_status":"closed","ping_status":"closed","template":"","meta":{"footnotes":""},"class_list":["post-139","page","type-page","status-publish","has-post-thumbnail","hentry","entry"],"_links":{"self":[{"href":"http:\/\/www.mission-locale-morlaix.fr\/index.php\/wp-json\/wp\/v2\/pages\/139","targetHints":{"allow":["GET"]}}],"collection":[{"href":"http:\/\/www.mission-locale-morlaix.fr\/index.php\/wp-json\/wp\/v2\/pages"}],"about":[{"href":"http:\/\/www.mission-locale-morlaix.fr\/index.php\/wp-json\/wp\/v2\/types\/page"}],"author":[{"embeddable":true,"href":"http:\/\/www.mission-locale-morlaix.fr\/index.php\/wp-json\/wp\/v2\/users\/1"}],"replies":[{"embeddable":true,"href":"http:\/\/www.mission-locale-morlaix.fr\/index.php\/wp-json\/wp\/v2\/comments?post=139"}],"version-history":[{"count":7,"href":"http:\/\/www.mission-locale-morlaix.fr\/index.php\/wp-json\/wp\/v2\/pages\/139\/revisions"}],"predecessor-version":[{"id":3738,"href":"http:\/\/www.mission-locale-morlaix.fr\/index.php\/wp-json\/wp\/v2\/pages\/139\/revisions\/3738"}],"up":[{"embeddable":true,"href":"http:\/\/www.mission-locale-morlaix.fr\/index.php\/wp-json\/wp\/v2\/pages\/46"}],"wp:featuredmedia":[{"embeddable":true,"href":"http:\/\/www.mission-locale-morlaix.fr\/index.php\/wp-json\/wp\/v2\/media\/3643"}],"wp:attachment":[{"href":"http:\/\/www.mission-locale-morlaix.fr\/index.php\/wp-json\/wp\/v2\/media?parent=139"}],"curies":[{"name":"wp","href":"https:\/\/api.w.org\/{rel}","templated":true}]}}