{"id":146,"date":"2022-11-24T10:54:42","date_gmt":"2022-11-24T09:54:42","guid":{"rendered":"https:\/\/mlmorlaix.wordpress.com\/?page_id=146"},"modified":"2026-01-16T11:42:27","modified_gmt":"2026-01-16T10:42:27","slug":"mobilite-vie-quotidienne","status":"publish","type":"page","link":"http:\/\/www.mission-locale-morlaix.fr\/index.php\/espace-jeune\/mobilite-vie-quotidienne\/","title":{"rendered":"MOBILIT\u00c9 \/ VIE QUOTIDENNE"},"content":{"rendered":"\n<div class=\"wp-block-query is-layout-flow wp-block-query-is-layout-flow\"><ul class=\"columns-2 wp-block-post-template is-layout-grid wp-container-core-post-template-is-layout-02493678 wp-block-post-template-is-layout-grid\"><li class=\"wp-block-post post-2947 page type-page status-publish has-post-thumbnail hentry entry\">\n\n<div class=\"wp-block-group\" style=\"padding-top:30px;padding-right:30px;padding-bottom:30px;padding-left:30px\"><div class=\"wp-block-group__inner-container is-layout-flow wp-block-group-is-layout-flow\"><h2 class=\"wp-block-post-title\"><a href=\"http:\/\/www.mission-locale-morlaix.fr\/index.php\/espace-jeune\/mobilite-vie-quotidienne\/je-souhaite-acceder-aux-soins\/\" target=\"_self\" >Je souhaite acc\u00e9der aux soins<\/a><\/h2>\n\n<div class=\"wp-block-post-excerpt\"><p class=\"wp-block-post-excerpt__excerpt\">Liens : Caisse Primaire d&rsquo;Assurance Maladie\u00a0, MSA (pour les salari\u00e9s du secteur agricole), Compl\u00e9mentaire sant\u00e9 dont CMU.C et Aide\u00a0\u00e0 la\u2026 <\/p><\/div><\/div><\/div>\n\n<\/li><li class=\"wp-block-post post-2926 page type-page status-publish hentry entry\">\n\n<div class=\"wp-block-group\" style=\"padding-top:30px;padding-right:30px;padding-bottom:30px;padding-left:30px\"><div class=\"wp-block-group__inner-container is-layout-flow wp-block-group-is-layout-flow\"><h2 class=\"wp-block-post-title\"><a href=\"http:\/\/www.mission-locale-morlaix.fr\/index.php\/espace-jeune\/mobilite-vie-quotidienne\/jai-besoin-dinformation-lie-au-logement\/\" target=\"_self\" >J&rsquo;ai besoin de conseils li\u00e9s au logement<\/a><\/h2>\n\n<div class=\"wp-block-post-excerpt\"><p class=\"wp-block-post-excerpt__excerpt\">Acc\u00e8s aux droits li\u00e9s au logement : Liens : CAF, MSA\u00a0(salari\u00e9s du secteur agricole) , Action logement\u00a0(locapass),\u00a0Garantie visale,&#8230; -&gt; Quelle\u2026 <\/p><\/div><\/div><\/div>\n\n<\/li><li class=\"wp-block-post post-2900 page type-page status-publish hentry entry\">\n\n<div class=\"wp-block-group\" style=\"padding-top:30px;padding-right:30px;padding-bottom:30px;padding-left:30px\"><div class=\"wp-block-group__inner-container is-layout-flow wp-block-group-is-layout-flow\"><h2 class=\"wp-block-post-title\"><a href=\"http:\/\/www.mission-locale-morlaix.fr\/index.php\/espace-jeune\/mobilite-vie-quotidienne\/jai-besoin-dun-accompagnement-renforce\/\" target=\"_self\" >J&rsquo;ai besoin d&rsquo;un accompagnement renforc\u00e9<\/a><\/h2>\n\n<div class=\"wp-block-post-excerpt\"><p class=\"wp-block-post-excerpt__excerpt\">Le dispositif \u00ab\u00a0PACEA\u00a0\u00bb Parcours Contractualis\u00e9 d&rsquo;Accompagnement vers l&rsquo;Emploi et l&rsquo;Autonomie Le dispositif \u00ab\u00a0C.E.J.\u00a0\u00bb Contrat d&rsquo;Engagement Jeune Lien vers la vid\u00e9o\u2026 <\/p><\/div><\/div><\/div>\n\n<\/li><li class=\"wp-block-post post-2870 page type-page status-publish has-post-thumbnail hentry entry\">\n\n<div class=\"wp-block-group\" style=\"padding-top:30px;padding-right:30px;padding-bottom:30px;padding-left:30px\"><div class=\"wp-block-group__inner-container is-layout-flow wp-block-group-is-layout-flow\"><h2 class=\"wp-block-post-title\"><a href=\"http:\/\/www.mission-locale-morlaix.fr\/index.php\/espace-jeune\/mobilite-vie-quotidienne\/je-souhaite-partir-a-letranger\/\" target=\"_self\" >Je souhaite partir \u00e0 l&rsquo;Etranger<\/a><\/h2>\n\n<div class=\"wp-block-post-excerpt\"><p class=\"wp-block-post-excerpt__excerpt\">Je m&rsquo;informe sur les programmes et les dispositifs existants, comme par exemple : Parlez-en \u00e0 votre conseiller. Nos partenaires\u00a0: SIJ\u2026 <\/p><\/div><\/div><\/div>\n\n<\/li><\/ul><\/div>\n\n\n\n<figure class=\"wp-block-image size-large\"><img loading=\"lazy\" decoding=\"async\" width=\"1024\" height=\"102\" src=\"http:\/\/www.mission-locale-morlaix.fr\/wp-content\/uploads\/2025\/12\/Bandes-charte-1-1-1024x102.png\" alt=\"\" class=\"wp-image-3478\" srcset=\"http:\/\/www.mission-locale-morlaix.fr\/wp-content\/uploads\/2025\/12\/Bandes-charte-1-1-1024x102.png 1024w, http:\/\/www.mission-locale-morlaix.fr\/wp-content\/uploads\/2025\/12\/Bandes-charte-1-1-300x30.png 300w, http:\/\/www.mission-locale-morlaix.fr\/wp-content\/uploads\/2025\/12\/Bandes-charte-1-1-768x77.png 768w, http:\/\/www.mission-locale-morlaix.fr\/wp-content\/uploads\/2025\/12\/Bandes-charte-1-1-1536x154.png 1536w, http:\/\/www.mission-locale-morlaix.fr\/wp-content\/uploads\/2025\/12\/Bandes-charte-1-1-2048x205.png 2048w, http:\/\/www.mission-locale-morlaix.fr\/wp-content\/uploads\/2025\/12\/Bandes-charte-1-1-1568x157.png 1568w\" sizes=\"auto, (max-width: 1024px) 100vw, 1024px\" \/><\/figure>\n\n\n\n<h2 class=\"wp-block-heading has-text-color has-link-color wp-elements-6cf5c749d2a3165be248dc50b1a4b0d3\" style=\"color:#8c195b\"><strong>Actualit\u00e9 Mobilit\u00e9 \/ Vie Quotidienne<\/strong><\/h2>\n\n\n\n<div class=\"wp-block-query is-layout-flow wp-block-query-is-layout-flow\"><ul class=\"wp-block-post-template is-layout-flow wp-block-post-template-is-layout-flow\"><li class=\"wp-block-post post-2435 post type-post status-publish format-standard has-post-thumbnail hentry category-dernieres-actualitemob-vie-q category-dernieres-infos tag-ateliers tag-budget tag-emploi tag-loisirs tag-missionlocalemorlaix tag-sante tag-sport entry\">\n\n<div class=\"wp-block-columns are-vertically-aligned-top is-layout-flex wp-container-core-columns-is-layout-28f84493 wp-block-columns-is-layout-flex\">\n<div class=\"wp-block-column is-vertically-aligned-top is-layout-flow wp-block-column-is-layout-flow\" style=\"flex-basis:75%\"><h2 style=\"color:#a3195b;\" class=\"has-link-color wp-elements-36671f2843a03bcf366e884576c8358b wp-block-post-title has-text-color\"><a href=\"http:\/\/www.mission-locale-morlaix.fr\/index.php\/2026\/03\/27\/listing-ateliers-mission-locale-2\/\" target=\"_self\" >Listing \u00ab\u00a0Ateliers Mission Locale\u00a0\u00bb Avril 2026<\/a><\/h2>\n\n<div class=\"wp-block-post-excerpt\"><p class=\"wp-block-post-excerpt__excerpt\">Vous souhaitez travailler votre CV, revoir votre gestion de budget, partir en stage, vous renseigner sur un bilan de sant\u00e9, ou encore faire du sport ? <\/p><\/div><\/div>\n\n\n\n<div class=\"wp-block-column is-vertically-aligned-top is-layout-flow wp-block-column-is-layout-flow\" style=\"flex-basis:25%\"><figure class=\"wp-block-post-featured-image\"><a href=\"http:\/\/www.mission-locale-morlaix.fr\/index.php\/2026\/03\/27\/listing-ateliers-mission-locale-2\/\" target=\"_self\"  ><img loading=\"lazy\" decoding=\"async\" width=\"1080\" height=\"1350\" src=\"http:\/\/www.mission-locale-morlaix.fr\/wp-content\/uploads\/2026\/03\/2.png\" class=\"attachment-post-thumbnail size-post-thumbnail wp-post-image\" alt=\"Listing \u00ab\u00a0Ateliers Mission Locale\u00a0\u00bb Avril 2026\" style=\"object-fit:cover;\" srcset=\"http:\/\/www.mission-locale-morlaix.fr\/wp-content\/uploads\/2026\/03\/2.png 1080w, http:\/\/www.mission-locale-morlaix.fr\/wp-content\/uploads\/2026\/03\/2-240x300.png 240w, http:\/\/www.mission-locale-morlaix.fr\/wp-content\/uploads\/2026\/03\/2-819x1024.png 819w, http:\/\/www.mission-locale-morlaix.fr\/wp-content\/uploads\/2026\/03\/2-768x960.png 768w\" sizes=\"auto, (max-width: 1080px) 100vw, 1080px\" \/><\/a><\/figure><\/div>\n<\/div>\n\n<\/li><li class=\"wp-block-post post-3817 post type-post status-publish format-standard has-post-thumbnail hentry category-dernieres-actualitemob-vie-q category-dernieres-infos entry\">\n\n<div class=\"wp-block-columns are-vertically-aligned-top is-layout-flex wp-container-core-columns-is-layout-28f84493 wp-block-columns-is-layout-flex\">\n<div class=\"wp-block-column is-vertically-aligned-top is-layout-flow wp-block-column-is-layout-flow\" style=\"flex-basis:75%\"><h2 style=\"color:#a3195b;\" class=\"has-link-color wp-elements-36671f2843a03bcf366e884576c8358b wp-block-post-title has-text-color\"><a href=\"http:\/\/www.mission-locale-morlaix.fr\/index.php\/2026\/03\/19\/grabuge-au-sew\/\" target=\"_self\" >Grabuge au Sew !<\/a><\/h2>\n\n<div class=\"wp-block-post-excerpt\"><p class=\"wp-block-post-excerpt__excerpt\">Grabuge revient au SEW le samedi 25 avril 2026 ! Organis\u00e9 par une \u00e9quipe de jeunes \u00e9tudiants de l\u2019IUT de Morlaix, l\u2019\u00e9v\u00e9nement mettra \u00e0 l\u2019honneur un tremplin de musiciens amateurs locaux <\/p><\/div><\/div>\n\n\n\n<div class=\"wp-block-column is-vertically-aligned-top is-layout-flow wp-block-column-is-layout-flow\" style=\"flex-basis:25%\"><figure class=\"wp-block-post-featured-image\"><a href=\"http:\/\/www.mission-locale-morlaix.fr\/index.php\/2026\/03\/19\/grabuge-au-sew\/\" target=\"_self\"  ><img loading=\"lazy\" decoding=\"async\" width=\"580\" height=\"816\" src=\"http:\/\/www.mission-locale-morlaix.fr\/wp-content\/uploads\/2026\/03\/GRABUGE-SEW-1.png\" class=\"attachment-post-thumbnail size-post-thumbnail wp-post-image\" alt=\"Grabuge au Sew !\" style=\"object-fit:cover;\" srcset=\"http:\/\/www.mission-locale-morlaix.fr\/wp-content\/uploads\/2026\/03\/GRABUGE-SEW-1.png 580w, http:\/\/www.mission-locale-morlaix.fr\/wp-content\/uploads\/2026\/03\/GRABUGE-SEW-1-213x300.png 213w\" sizes=\"auto, (max-width: 580px) 100vw, 580px\" \/><\/a><\/figure><\/div>\n<\/div>\n\n<\/li><li class=\"wp-block-post post-2277 post type-post status-publish format-standard has-post-thumbnail hentry category-dernieres-actualitemob-vie-q category-uncategorized tag-356 tag-sante entry\">\n\n<div class=\"wp-block-columns are-vertically-aligned-top is-layout-flex wp-container-core-columns-is-layout-28f84493 wp-block-columns-is-layout-flex\">\n<div class=\"wp-block-column is-vertically-aligned-top is-layout-flow wp-block-column-is-layout-flow\" style=\"flex-basis:75%\"><h2 style=\"color:#a3195b;\" class=\"has-link-color wp-elements-36671f2843a03bcf366e884576c8358b wp-block-post-title has-text-color\"><a href=\"http:\/\/www.mission-locale-morlaix.fr\/index.php\/2026\/03\/16\/moment-sante\/\" target=\"_self\" >Moment Sant\u00e9 bucco-dentaire<\/a><\/h2>\n\n<div class=\"wp-block-post-excerpt\"><p class=\"wp-block-post-excerpt__excerpt\">Aujourd\u2019hui, on se rappelle que prendre soin de ses dents, ce n\u2019est pas seulement esth\u00e9tique, c\u2019est aussi bon pour la sant\u00e9 globale. <\/p><\/div><\/div>\n\n\n\n<div class=\"wp-block-column is-vertically-aligned-top is-layout-flow wp-block-column-is-layout-flow\" style=\"flex-basis:25%\"><figure class=\"wp-block-post-featured-image\"><a href=\"http:\/\/www.mission-locale-morlaix.fr\/index.php\/2026\/03\/16\/moment-sante\/\" target=\"_self\"  ><img loading=\"lazy\" decoding=\"async\" width=\"1080\" height=\"1350\" src=\"http:\/\/www.mission-locale-morlaix.fr\/wp-content\/uploads\/2026\/03\/1.png\" class=\"attachment-post-thumbnail size-post-thumbnail wp-post-image\" alt=\"Moment Sant\u00e9 bucco-dentaire\" style=\"object-fit:cover;\" srcset=\"http:\/\/www.mission-locale-morlaix.fr\/wp-content\/uploads\/2026\/03\/1.png 1080w, http:\/\/www.mission-locale-morlaix.fr\/wp-content\/uploads\/2026\/03\/1-240x300.png 240w, http:\/\/www.mission-locale-morlaix.fr\/wp-content\/uploads\/2026\/03\/1-819x1024.png 819w, http:\/\/www.mission-locale-morlaix.fr\/wp-content\/uploads\/2026\/03\/1-768x960.png 768w\" sizes=\"auto, (max-width: 1080px) 100vw, 1080px\" \/><\/a><\/figure><\/div>\n<\/div>\n\n<\/li><li class=\"wp-block-post post-3801 post type-post status-publish format-standard has-post-thumbnail hentry category-dernieres-actualitemob-vie-q category-dernieres-infos category-uncategorized entry\">\n\n<div class=\"wp-block-columns are-vertically-aligned-top is-layout-flex wp-container-core-columns-is-layout-28f84493 wp-block-columns-is-layout-flex\">\n<div class=\"wp-block-column is-vertically-aligned-top is-layout-flow wp-block-column-is-layout-flow\" style=\"flex-basis:75%\"><h2 style=\"color:#a3195b;\" class=\"has-link-color wp-elements-36671f2843a03bcf366e884576c8358b wp-block-post-title has-text-color\"><a href=\"http:\/\/www.mission-locale-morlaix.fr\/index.php\/2026\/03\/09\/fais-entendre-ta-voix\/\" target=\"_self\" >Fais entendre ta voix !<\/a><\/h2>\n\n<div class=\"wp-block-post-excerpt\"><p class=\"wp-block-post-excerpt__excerpt\">\ud83d\udc49 La jeunesse au c\u0153ur des pr\u00e9occupations <\/p><\/div><\/div>\n\n\n\n<div class=\"wp-block-column is-vertically-aligned-top is-layout-flow wp-block-column-is-layout-flow\" style=\"flex-basis:25%\"><figure class=\"wp-block-post-featured-image\"><a href=\"http:\/\/www.mission-locale-morlaix.fr\/index.php\/2026\/03\/09\/fais-entendre-ta-voix\/\" target=\"_self\"  ><img loading=\"lazy\" decoding=\"async\" width=\"528\" height=\"662\" src=\"http:\/\/www.mission-locale-morlaix.fr\/wp-content\/uploads\/2026\/03\/Fais-entendre-ta-voix.png\" class=\"attachment-post-thumbnail size-post-thumbnail wp-post-image\" alt=\"Fais entendre ta voix !\" style=\"object-fit:cover;\" srcset=\"http:\/\/www.mission-locale-morlaix.fr\/wp-content\/uploads\/2026\/03\/Fais-entendre-ta-voix.png 528w, http:\/\/www.mission-locale-morlaix.fr\/wp-content\/uploads\/2026\/03\/Fais-entendre-ta-voix-239x300.png 239w\" sizes=\"auto, (max-width: 528px) 100vw, 528px\" \/><\/a><\/figure><\/div>\n<\/div>\n\n<\/li><li class=\"wp-block-post post-3798 post type-post status-publish format-standard has-post-thumbnail hentry category-dernieres-actualitemob-vie-q category-dernieres-infos entry\">\n\n<div class=\"wp-block-columns are-vertically-aligned-top is-layout-flex wp-container-core-columns-is-layout-28f84493 wp-block-columns-is-layout-flex\">\n<div class=\"wp-block-column is-vertically-aligned-top is-layout-flow wp-block-column-is-layout-flow\" style=\"flex-basis:75%\"><h2 style=\"color:#a3195b;\" class=\"has-link-color wp-elements-36671f2843a03bcf366e884576c8358b wp-block-post-title has-text-color\"><a href=\"http:\/\/www.mission-locale-morlaix.fr\/index.php\/2026\/03\/05\/cafe-de-lemploi\/\" target=\"_self\" >Caf\u00e9 de l&rsquo;Emploi<\/a><\/h2>\n\n<div class=\"wp-block-post-excerpt\"><p class=\"wp-block-post-excerpt__excerpt\">5 Rendez-vous Caf\u00e9 de l&#8217;emploi du 27 f\u00e9vrier au 07 avril 2026 <\/p><\/div><\/div>\n\n\n\n<div class=\"wp-block-column is-vertically-aligned-top is-layout-flow wp-block-column-is-layout-flow\" style=\"flex-basis:25%\"><figure class=\"wp-block-post-featured-image\"><a href=\"http:\/\/www.mission-locale-morlaix.fr\/index.php\/2026\/03\/05\/cafe-de-lemploi\/\" target=\"_self\"  ><img loading=\"lazy\" decoding=\"async\" width=\"643\" height=\"947\" src=\"http:\/\/www.mission-locale-morlaix.fr\/wp-content\/uploads\/2026\/03\/Ma-saison-kfe-emploi-07-mars-au-18-mars.png\" class=\"attachment-post-thumbnail size-post-thumbnail wp-post-image\" alt=\"Caf\u00e9 de l&rsquo;Emploi\" style=\"object-fit:cover;\" srcset=\"http:\/\/www.mission-locale-morlaix.fr\/wp-content\/uploads\/2026\/03\/Ma-saison-kfe-emploi-07-mars-au-18-mars.png 643w, http:\/\/www.mission-locale-morlaix.fr\/wp-content\/uploads\/2026\/03\/Ma-saison-kfe-emploi-07-mars-au-18-mars-204x300.png 204w\" sizes=\"auto, (max-width: 643px) 100vw, 643px\" \/><\/a><\/figure><\/div>\n<\/div>\n\n<\/li><li class=\"wp-block-post post-3795 post type-post status-publish format-standard has-post-thumbnail hentry category-dernieres-actualitemob-vie-q category-dernieres-infos entry\">\n\n<div class=\"wp-block-columns are-vertically-aligned-top is-layout-flex wp-container-core-columns-is-layout-28f84493 wp-block-columns-is-layout-flex\">\n<div class=\"wp-block-column is-vertically-aligned-top is-layout-flow wp-block-column-is-layout-flow\" style=\"flex-basis:75%\"><h2 style=\"color:#a3195b;\" class=\"has-link-color wp-elements-36671f2843a03bcf366e884576c8358b wp-block-post-title has-text-color\"><a href=\"http:\/\/www.mission-locale-morlaix.fr\/index.php\/2026\/03\/05\/la-fresque-du-benevolat\/\" target=\"_self\" >La Fresque du B\u00e9n\u00e9volat<\/a><\/h2>\n\n<div class=\"wp-block-post-excerpt\"><p class=\"wp-block-post-excerpt__excerpt\">Rejoins nous pour d\u00e9couvrir comment ton engagement fait la diff\u00e9rence ! <\/p><\/div><\/div>\n\n\n\n<div class=\"wp-block-column is-vertically-aligned-top is-layout-flow wp-block-column-is-layout-flow\" style=\"flex-basis:25%\"><figure class=\"wp-block-post-featured-image\"><a href=\"http:\/\/www.mission-locale-morlaix.fr\/index.php\/2026\/03\/05\/la-fresque-du-benevolat\/\" target=\"_self\"  ><img loading=\"lazy\" decoding=\"async\" width=\"1568\" height=\"2218\" src=\"http:\/\/www.mission-locale-morlaix.fr\/wp-content\/uploads\/2026\/03\/Atelier-Benevolat-Service-Civique-2-1568x2218.png\" class=\"attachment-post-thumbnail size-post-thumbnail wp-post-image\" alt=\"La Fresque du B\u00e9n\u00e9volat\" style=\"object-fit:cover;\" srcset=\"http:\/\/www.mission-locale-morlaix.fr\/wp-content\/uploads\/2026\/03\/Atelier-Benevolat-Service-Civique-2-1568x2218.png 1568w, http:\/\/www.mission-locale-morlaix.fr\/wp-content\/uploads\/2026\/03\/Atelier-Benevolat-Service-Civique-2-212x300.png 212w, http:\/\/www.mission-locale-morlaix.fr\/wp-content\/uploads\/2026\/03\/Atelier-Benevolat-Service-Civique-2-724x1024.png 724w, http:\/\/www.mission-locale-morlaix.fr\/wp-content\/uploads\/2026\/03\/Atelier-Benevolat-Service-Civique-2-768x1086.png 768w, http:\/\/www.mission-locale-morlaix.fr\/wp-content\/uploads\/2026\/03\/Atelier-Benevolat-Service-Civique-2-1086x1536.png 1086w, http:\/\/www.mission-locale-morlaix.fr\/wp-content\/uploads\/2026\/03\/Atelier-Benevolat-Service-Civique-2-1448x2048.png 1448w, http:\/\/www.mission-locale-morlaix.fr\/wp-content\/uploads\/2026\/03\/Atelier-Benevolat-Service-Civique-2.png 1587w\" sizes=\"auto, (max-width: 1568px) 100vw, 1568px\" \/><\/a><\/figure><\/div>\n<\/div>\n\n<\/li><\/ul><\/div>\n","protected":false},"excerpt":{"rendered":"<p>Actualit\u00e9 Mobilit\u00e9 \/ Vie Quotidienne<\/p>\n","protected":false},"author":1,"featured_media":3495,"parent":42,"menu_order":0,"comment_status":"closed","ping_status":"closed","template":"","meta":{"footnotes":""},"class_list":["post-146","page","type-page","status-publish","has-post-thumbnail","hentry","entry"],"_links":{"self":[{"href":"http:\/\/www.mission-locale-morlaix.fr\/index.php\/wp-json\/wp\/v2\/pages\/146","targetHints":{"allow":["GET"]}}],"collection":[{"href":"http:\/\/www.mission-locale-morlaix.fr\/index.php\/wp-json\/wp\/v2\/pages"}],"about":[{"href":"http:\/\/www.mission-locale-morlaix.fr\/index.php\/wp-json\/wp\/v2\/types\/page"}],"author":[{"embeddable":true,"href":"http:\/\/www.mission-locale-morlaix.fr\/index.php\/wp-json\/wp\/v2\/users\/1"}],"replies":[{"embeddable":true,"href":"http:\/\/www.mission-locale-morlaix.fr\/index.php\/wp-json\/wp\/v2\/comments?post=146"}],"version-history":[{"count":12,"href":"http:\/\/www.mission-locale-morlaix.fr\/index.php\/wp-json\/wp\/v2\/pages\/146\/revisions"}],"predecessor-version":[{"id":3737,"href":"http:\/\/www.mission-locale-morlaix.fr\/index.php\/wp-json\/wp\/v2\/pages\/146\/revisions\/3737"}],"up":[{"embeddable":true,"href":"http:\/\/www.mission-locale-morlaix.fr\/index.php\/wp-json\/wp\/v2\/pages\/42"}],"wp:featuredmedia":[{"embeddable":true,"href":"http:\/\/www.mission-locale-morlaix.fr\/index.php\/wp-json\/wp\/v2\/media\/3495"}],"wp:attachment":[{"href":"http:\/\/www.mission-locale-morlaix.fr\/index.php\/wp-json\/wp\/v2\/media?parent=146"}],"curies":[{"name":"wp","href":"https:\/\/api.w.org\/{rel}","templated":true}]}}