{"id":155,"date":"2022-11-24T11:03:04","date_gmt":"2022-11-24T10:03:04","guid":{"rendered":"https:\/\/mlmorlaix.wordpress.com\/?page_id=155"},"modified":"2026-01-16T11:44:24","modified_gmt":"2026-01-16T10:44:24","slug":"je-souhaite-former","status":"publish","type":"page","link":"http:\/\/www.mission-locale-morlaix.fr\/index.php\/espace-entreprise\/je-souhaite-former\/","title":{"rendered":"Je souhaite former"},"content":{"rendered":"\n<h2 class=\"wp-block-heading\"><strong>Nous accompagnons les employeurs qui souhaitent former et recruter des jeunes dans le cadre de parcours s\u00e9curis\u00e9s et adapt\u00e9s \u00e0 leurs besoins.<\/strong><\/h2>\n\n\n\n<ul class=\"wp-block-list\">\n<li>Mesures pr\u00e9alables \u00e0 l\u2019embauche<\/li>\n\n\n\n<li>En Contrat en Alternance <a href=\"https:\/\/travail-emploi.gouv.fr\/formation-professionnelle\/se-former-en-alternance\/l-apprentissage-160\/contrat-apprentissage\" target=\"_blank\" rel=\"noreferrer noopener\"><em><strong>contrat d\u2019apprentissage<\/strong><\/em><\/a>&nbsp;ou de&nbsp;<a href=\"https:\/\/travail-emploi.gouv.fr\/formation-professionnelle\/se-former-en-alternance\/le-contrat-de-professionnalisation\/article\/le-contrat-de-professionnalisation\" target=\"_blank\" rel=\"noreferrer noopener\"><em><strong>professionnalisation<\/strong><\/em><\/a><\/li>\n\n\n\n<li>En Contrat Aid\u00e9 <a href=\"https:\/\/travail-emploi.gouv.fr\/emploi\/parcours-emploi-competences\/article\/parcours-emploi-competences\" target=\"_blank\" rel=\"noreferrer noopener\"><em><strong>PEC<\/strong><\/em><\/a><\/li>\n\n\n\n<li>Liens avec les Organismes de Formation et les OPCA <em><strong><a href=\"http:\/\/travail-emploi.gouv.fr\/ministere\/acteurs\/partenaires\/article\/opca-organismes-paritaires-collecteurs-agrees\" target=\"_blank\" rel=\"noreferrer noopener\">Organismes Paritaires Collecteurs Agr\u00e9\u00e9s<\/a><\/strong><\/em><\/li>\n<\/ul>\n\n\n\n<p style=\"line-height:0\"><\/p>\n\n\n\n<p><\/p>\n","protected":false},"excerpt":{"rendered":"<p>Nous accompagnons les employeurs qui souhaitent former et recruter des jeunes dans le cadre de parcours s\u00e9curis\u00e9s et adapt\u00e9s \u00e0 leurs besoins.<\/p>\n","protected":false},"author":1,"featured_media":3660,"parent":46,"menu_order":0,"comment_status":"closed","ping_status":"closed","template":"","meta":{"footnotes":""},"class_list":["post-155","page","type-page","status-publish","has-post-thumbnail","hentry","entry"],"_links":{"self":[{"href":"http:\/\/www.mission-locale-morlaix.fr\/index.php\/wp-json\/wp\/v2\/pages\/155","targetHints":{"allow":["GET"]}}],"collection":[{"href":"http:\/\/www.mission-locale-morlaix.fr\/index.php\/wp-json\/wp\/v2\/pages"}],"about":[{"href":"http:\/\/www.mission-locale-morlaix.fr\/index.php\/wp-json\/wp\/v2\/types\/page"}],"author":[{"embeddable":true,"href":"http:\/\/www.mission-locale-morlaix.fr\/index.php\/wp-json\/wp\/v2\/users\/1"}],"replies":[{"embeddable":true,"href":"http:\/\/www.mission-locale-morlaix.fr\/index.php\/wp-json\/wp\/v2\/comments?post=155"}],"version-history":[{"count":12,"href":"http:\/\/www.mission-locale-morlaix.fr\/index.php\/wp-json\/wp\/v2\/pages\/155\/revisions"}],"predecessor-version":[{"id":3740,"href":"http:\/\/www.mission-locale-morlaix.fr\/index.php\/wp-json\/wp\/v2\/pages\/155\/revisions\/3740"}],"up":[{"embeddable":true,"href":"http:\/\/www.mission-locale-morlaix.fr\/index.php\/wp-json\/wp\/v2\/pages\/46"}],"wp:featuredmedia":[{"embeddable":true,"href":"http:\/\/www.mission-locale-morlaix.fr\/index.php\/wp-json\/wp\/v2\/media\/3660"}],"wp:attachment":[{"href":"http:\/\/www.mission-locale-morlaix.fr\/index.php\/wp-json\/wp\/v2\/media?parent=155"}],"curies":[{"name":"wp","href":"https:\/\/api.w.org\/{rel}","templated":true}]}}