{"id":221,"date":"2022-11-24T14:46:03","date_gmt":"2022-11-24T13:46:03","guid":{"rendered":"https:\/\/mlmorlaix.wordpress.com\/?page_id=221"},"modified":"2026-04-14T17:28:18","modified_gmt":"2026-04-14T15:28:18","slug":"qui-sommes-nous","status":"publish","type":"page","link":"http:\/\/www.mission-locale-morlaix.fr\/index.php\/contact\/qui-sommes-nous\/","title":{"rendered":"Qui sommes-nous ?"},"content":{"rendered":"\n<!--more-->\n\n\n\n<h3 class=\"wp-block-heading has-text-color has-link-color wp-elements-cfdd34723981d8383d810b3f81026dca\" style=\"color:#2897d5\"><strong>Une approche globale<\/strong> <strong>de l&rsquo;accompagnement des jeunes<\/strong><\/h3>\n\n\n\n<p>La Mission Locale du Pays de Morlaix accompagne les jeunes de 16 \u00e0 25 ans dans leur parcours vers l&rsquo;autonomie.<\/p>\n\n\n\n<p>Entrer dans la vie active c&rsquo;est souvent devoir g\u00e9rer plusieurs sujets : orientation, formation, emploi, logement, sant\u00e9, mobilit\u00e9&#8230; <\/p>\n\n\n\n<p>Notre \u00e9quipe est pr\u00e9sente pour faire le point, aider \u00e0 construire un projet et accompagner chaque jeune de mani\u00e8re adapt\u00e9e \u00e0 sa situation.<\/p>\n\n\n\n<p><\/p>\n\n\n\n<h3 class=\"wp-block-heading has-text-color has-link-color wp-elements-2671378a51d91ad0ef596e786b5f382d\" style=\"color:#2897d5\"><strong>Le R\u00e9seau des Missions Locales<\/strong><\/h3>\n\n\n\n<p>Les Missions Locales font partie d&rsquo;un r\u00e9seau Nationale pr\u00e9sent sur tout le territoire Fran\u00e7ais.<\/p>\n\n\n\n<p>Ce r\u00e9seau agit au plus pr\u00e8s des jeunes pour favoriser leur insertion professionnelle et sociale en lien avec les partenaires de l&#8217;emploi, de la formation, de la sant\u00e9 et du logement, \u00e0 diff\u00e9rents niveaux.<\/p>\n\n\n\n<p>Consultez le site de l&rsquo;Union Nationale des Missions Locales : <a href=\"http:\/\/www.unml.info\/\" target=\"_blank\" rel=\"noreferrer noopener\">http:\/\/www.unml.info\/<\/a><\/p>\n\n\n\n<p><\/p>\n\n\n\n<h3 class=\"wp-block-heading has-text-color has-link-color wp-elements-71d8e2aaee232109c73c74ff7908e782\" style=\"color:#2897d5\"><strong>La Charte des Missions Locales<\/strong><\/h3>\n\n\n\n<p>La charte des Missions Locales pose les principes communs \u00e0 toutes les structures du r\u00e9seau :<\/p>\n\n\n\n<p>\u00ab Construire ensemble une place pour tous les jeunes \u00bb <\/p>\n\n\n\n<p>Elle affirme une approche globale de l&rsquo;accompagnement.<br><\/p>\n\n\n\n<h3 class=\"wp-block-heading has-text-color has-link-color wp-elements-f1102e834648818370ee129b129f2f41\" style=\"color:#2897d5\"><strong>Le Fonds Social Europ\u00e9en <\/strong><\/h3>\n\n\n\n<p>La Mission Locale du Pays de Morlaix b\u00e9n\u00e9ficie du soutien du Fonds Social Europ\u00e9en pour d\u00e9velopper ses actions en faveur de l&#8217;emploi des jeunes.<\/p>\n\n\n\n<p>Ce financement permet de :<br>&#8211; Renforcer l&rsquo;accompagnement vers l&#8217;emploi (suivi individuel, ateliers, mise en relation avec les employeurs)<br>&#8211; Proposer des actions collectives pour aider les jeunes \u00e0 construire leur projet professionnel<br>&#8211; Soutenir l&rsquo;acc\u00e8s et le maintien dans l&#8217;emploi<\/p>\n\n\n\n<p>P\u00e9riode : Janvier 2024 \u00e0 D\u00e9cembre 2025<br>Total budget : 418 184,20 \u20ac<br>Co-financement Europ\u00e9en : 250 910,40 \u20ac<\/p>\n\n\n\n<p>Notre op\u00e9ration \u00ab&nbsp;Accompagnement vers l\u2019alternance et l\u2019emploi&nbsp;\u00bb :&nbsp;<a href=\"https:\/\/urlr.me\/yW5vqw\" target=\"_blank\" rel=\"noreferrer noopener\">Lien vers l&rsquo;affiche<\/a><\/p>\n\n\n\n<p><\/p>\n\n\n\n<h3 class=\"wp-block-heading has-text-color has-link-color wp-elements-b7035b42e97605ee967dc01725f5d01c\" style=\"color:#2897d5\"><strong>Nous suivre <\/strong><\/h3>\n\n\n\n<div class=\"wp-block-group\"><div class=\"wp-block-group__inner-container is-layout-constrained wp-block-group-is-layout-constrained\">\n<p>Retrouvez la Mission Locale du Pays de Morlaix sur Facebook, Instagram et LinkedIn<\/p>\n\n\n\n<div class=\"wp-block-group\"><div class=\"wp-block-group__inner-container is-layout-constrained wp-block-group-is-layout-constrained\">\n<p><a href=\"https:\/\/www.linkedIn.com\" target=\"_blank\" rel=\"noreferrer noopener\">https:\/\/www.linkedIn.com<\/a><\/p>\n\n\n\n<p><a href=\"https:\/\/www.facebook.com\/missionlocalemorlaix\" target=\"_blank\" rel=\"noreferrer noopener\">https:\/\/www.facebook.com\/missionlocalemorlaix<\/a><\/p>\n\n\n\n<p><a href=\"https:\/\/www.instagram.com\" target=\"_blank\" rel=\"noreferrer noopener\">https:\/\/www.instagram.com<\/a><\/p>\n\n\n\n<p><\/p>\n<\/div><\/div>\n<\/div><\/div>\n\n\n\n<p><\/p>\n","protected":false},"excerpt":{"rendered":"","protected":false},"author":1,"featured_media":2769,"parent":34,"menu_order":0,"comment_status":"closed","ping_status":"closed","template":"","meta":{"footnotes":""},"class_list":["post-221","page","type-page","status-publish","has-post-thumbnail","hentry","entry"],"_links":{"self":[{"href":"http:\/\/www.mission-locale-morlaix.fr\/index.php\/wp-json\/wp\/v2\/pages\/221","targetHints":{"allow":["GET"]}}],"collection":[{"href":"http:\/\/www.mission-locale-morlaix.fr\/index.php\/wp-json\/wp\/v2\/pages"}],"about":[{"href":"http:\/\/www.mission-locale-morlaix.fr\/index.php\/wp-json\/wp\/v2\/types\/page"}],"author":[{"embeddable":true,"href":"http:\/\/www.mission-locale-morlaix.fr\/index.php\/wp-json\/wp\/v2\/users\/1"}],"replies":[{"embeddable":true,"href":"http:\/\/www.mission-locale-morlaix.fr\/index.php\/wp-json\/wp\/v2\/comments?post=221"}],"version-history":[{"count":8,"href":"http:\/\/www.mission-locale-morlaix.fr\/index.php\/wp-json\/wp\/v2\/pages\/221\/revisions"}],"predecessor-version":[{"id":3850,"href":"http:\/\/www.mission-locale-morlaix.fr\/index.php\/wp-json\/wp\/v2\/pages\/221\/revisions\/3850"}],"up":[{"embeddable":true,"href":"http:\/\/www.mission-locale-morlaix.fr\/index.php\/wp-json\/wp\/v2\/pages\/34"}],"wp:featuredmedia":[{"embeddable":true,"href":"http:\/\/www.mission-locale-morlaix.fr\/index.php\/wp-json\/"}],"wp:attachment":[{"href":"http:\/\/www.mission-locale-morlaix.fr\/index.php\/wp-json\/wp\/v2\/media?parent=221"}],"curies":[{"name":"wp","href":"https:\/\/api.w.org\/{rel}","templated":true}]}}