{"id":244,"date":"2022-11-24T15:17:17","date_gmt":"2022-11-24T14:17:17","guid":{"rendered":"https:\/\/mlmorlaix.wordpress.com\/?page_id=244"},"modified":"2026-01-15T15:57:51","modified_gmt":"2026-01-15T14:57:51","slug":"je-souhaite-faire-connaitre-mes-activites","status":"publish","type":"page","link":"http:\/\/www.mission-locale-morlaix.fr\/index.php\/espace-entreprise\/je-souhaite-faire-connaitre-mes-activites\/","title":{"rendered":"Je souhaite faire conna\u00eetre mes activit\u00e9s"},"content":{"rendered":"\n<h4 class=\"wp-block-heading\"><strong>Votre secteur est peut-\u00eatre peu ou mal investi par les jeunes, la faute \u00e0 un d\u00e9ficit d\u2019image ou des repr\u00e9sentations erron\u00e9es. Nous vous proposons diff\u00e9rentes actions pour rencontrer notre public, valoriser votre savoir-faire et vos m\u00e9tiers :<\/strong><\/h4>\n\n\n\n<ul class=\"wp-block-list\">\n<li>des informations collectives pour promouvoir votre secteur d\u2019activit\u00e9<\/li>\n<\/ul>\n\n\n\n<ul class=\"wp-block-list\">\n<li>des visites d\u2019entreprises afin de mieux faire conna\u00eetre vos m\u00e9tiers<\/li>\n<\/ul>\n\n\n\n<ul class=\"wp-block-list\">\n<li>des p\u00e9riodes d\u2019immersion en entreprise : accueil d\u2019un(e) jeune dans votre entreprise pour lui faire d\u00e9couvrir votre univers professionnel <a href=\"https:\/\/travail-emploi.gouv.fr\/formation-professionnelle\/se-former\/demandeurs-d-emploi\/article\/periodes-de-mise-en-situation-en-milieu-professionnel\" target=\"_blank\" rel=\"noreferrer noopener\"><em><strong>PMSMP<\/strong><\/em><\/a><\/li>\n<\/ul>\n\n\n\n<p>La Mission Locale est \u00e9galement partenaire d\u2019\u00e9v\u00e9nements sur le bassin d\u2019emploi tels \u00ab\u00a0le forum de l\u2019alternance\u00a0\u00bb,\u00a0\u00ab\u00a0les rencontres de l\u2019emploi et de la formation\u00a0\u00bb<\/p>\n\n\n\n<p><\/p>\n","protected":false},"excerpt":{"rendered":"<p>Votre secteur est peut-\u00eatre peu ou mal investi par les jeunes, la faute \u00e0 un d\u00e9ficit d\u2019image ou des repr\u00e9sentations erron\u00e9es. Nous vous proposons diff\u00e9rentes actions pour rencontrer notre public, valoriser votre savoir-faire et vos m\u00e9tiers : La Mission Locale est \u00e9galement partenaire d\u2019\u00e9v\u00e9nements sur le bassin d\u2019emploi tels \u00ab\u00a0le forum de l\u2019alternance\u00a0\u00bb,\u00a0\u00ab\u00a0les rencontres de<a class=\"more-link\" href=\"http:\/\/www.mission-locale-morlaix.fr\/index.php\/espace-entreprise\/je-souhaite-faire-connaitre-mes-activites\/\">Lire la suite <span class=\"screen-reader-text\">\u00ab\u00a0Je souhaite faire conna\u00eetre mes activit\u00e9s\u00a0\u00bb<\/span><\/a><\/p>\n","protected":false},"author":1,"featured_media":3631,"parent":46,"menu_order":0,"comment_status":"closed","ping_status":"closed","template":"","meta":{"footnotes":""},"class_list":["post-244","page","type-page","status-publish","has-post-thumbnail","hentry","entry"],"_links":{"self":[{"href":"http:\/\/www.mission-locale-morlaix.fr\/index.php\/wp-json\/wp\/v2\/pages\/244","targetHints":{"allow":["GET"]}}],"collection":[{"href":"http:\/\/www.mission-locale-morlaix.fr\/index.php\/wp-json\/wp\/v2\/pages"}],"about":[{"href":"http:\/\/www.mission-locale-morlaix.fr\/index.php\/wp-json\/wp\/v2\/types\/page"}],"author":[{"embeddable":true,"href":"http:\/\/www.mission-locale-morlaix.fr\/index.php\/wp-json\/wp\/v2\/users\/1"}],"replies":[{"embeddable":true,"href":"http:\/\/www.mission-locale-morlaix.fr\/index.php\/wp-json\/wp\/v2\/comments?post=244"}],"version-history":[{"count":4,"href":"http:\/\/www.mission-locale-morlaix.fr\/index.php\/wp-json\/wp\/v2\/pages\/244\/revisions"}],"predecessor-version":[{"id":3706,"href":"http:\/\/www.mission-locale-morlaix.fr\/index.php\/wp-json\/wp\/v2\/pages\/244\/revisions\/3706"}],"up":[{"embeddable":true,"href":"http:\/\/www.mission-locale-morlaix.fr\/index.php\/wp-json\/wp\/v2\/pages\/46"}],"wp:featuredmedia":[{"embeddable":true,"href":"http:\/\/www.mission-locale-morlaix.fr\/index.php\/wp-json\/wp\/v2\/media\/3631"}],"wp:attachment":[{"href":"http:\/\/www.mission-locale-morlaix.fr\/index.php\/wp-json\/wp\/v2\/media?parent=244"}],"curies":[{"name":"wp","href":"https:\/\/api.w.org\/{rel}","templated":true}]}}