{"id":2830,"date":"2025-11-24T12:08:15","date_gmt":"2025-11-24T11:08:15","guid":{"rendered":"https:\/\/mlmorlaix.wordpress.com\/?page_id=2830"},"modified":"2025-12-16T15:06:22","modified_gmt":"2025-12-16T14:06:22","slug":"jai-besoin-dun-accompagnement","status":"publish","type":"page","link":"http:\/\/www.mission-locale-morlaix.fr\/index.php\/espace-jeune\/emploi\/jai-besoin-dun-accompagnement\/","title":{"rendered":"J&rsquo;ai besoin d&rsquo;un accompagnement"},"content":{"rendered":"\n<p><strong>Pour am\u00e9liorer mes techniques de recherche d&#8217;emploi et d\u00e9velopper mes comp\u00e9tences, la Mission Locale propose :<\/strong><\/p>\n\n\n\n<ul class=\"wp-block-list\">\n<li>Un accompagnement individuel dans vos d\u00e9marches d&#8217;emploi<\/li>\n\n\n\n<li>Du Parrainage (<strong><em><a href=\"https:\/\/mlmorlaix.wordpress.com\/wp-content\/uploads\/2025\/11\/3cabe-parrainage.pdf\" target=\"_blank\" rel=\"noreferrer noopener\">Plaquette<\/a>,&nbsp;<a href=\"https:\/\/youtu.be\/4-slpQwPhMI\" target=\"_blank\" rel=\"noreferrer noopener\">Vid\u00e9o<\/a><\/em><\/strong>)<\/li>\n\n\n\n<li>Une PMSMP\u00a0pour tester un m\u00e9tier, d\u00e9couvrir une entreprise (<em><strong><a href=\"https:\/\/www.service-public.fr\/particuliers\/vosdroits\/F14102\" target=\"_blank\" rel=\"noreferrer noopener\">P\u00e9riode de Mise en Situation en Milieu Professionnel)<\/a><\/strong><\/em><\/li>\n<\/ul>\n\n\n\n<p><strong>Pour trouver ma place dans le monde du travail :<\/strong><\/p>\n\n\n\n<ul class=\"wp-block-list\">\n<li>Contrat d&rsquo;Engagement Jeune (<strong><em><a href=\"https:\/\/www.1jeune1solution.gouv.fr\/contrat-engagement-jeune\" target=\"_blank\" rel=\"noreferrer noopener\">CEJ<\/a><\/em><\/strong>)<\/li>\n<\/ul>\n","protected":false},"excerpt":{"rendered":"<p>Pour am\u00e9liorer mes techniques de recherche d&#8217;emploi et d\u00e9velopper mes comp\u00e9tences, la Mission Locale propose : Pour trouver ma place dans le monde du travail :<\/p>\n","protected":false},"author":1,"featured_media":0,"parent":126,"menu_order":0,"comment_status":"closed","ping_status":"closed","template":"","meta":{"footnotes":""},"class_list":["post-2830","page","type-page","status-publish","hentry","entry"],"_links":{"self":[{"href":"http:\/\/www.mission-locale-morlaix.fr\/index.php\/wp-json\/wp\/v2\/pages\/2830","targetHints":{"allow":["GET"]}}],"collection":[{"href":"http:\/\/www.mission-locale-morlaix.fr\/index.php\/wp-json\/wp\/v2\/pages"}],"about":[{"href":"http:\/\/www.mission-locale-morlaix.fr\/index.php\/wp-json\/wp\/v2\/types\/page"}],"author":[{"embeddable":true,"href":"http:\/\/www.mission-locale-morlaix.fr\/index.php\/wp-json\/wp\/v2\/users\/1"}],"replies":[{"embeddable":true,"href":"http:\/\/www.mission-locale-morlaix.fr\/index.php\/wp-json\/wp\/v2\/comments?post=2830"}],"version-history":[{"count":1,"href":"http:\/\/www.mission-locale-morlaix.fr\/index.php\/wp-json\/wp\/v2\/pages\/2830\/revisions"}],"predecessor-version":[{"id":3402,"href":"http:\/\/www.mission-locale-morlaix.fr\/index.php\/wp-json\/wp\/v2\/pages\/2830\/revisions\/3402"}],"up":[{"embeddable":true,"href":"http:\/\/www.mission-locale-morlaix.fr\/index.php\/wp-json\/wp\/v2\/pages\/126"}],"wp:attachment":[{"href":"http:\/\/www.mission-locale-morlaix.fr\/index.php\/wp-json\/wp\/v2\/media?parent=2830"}],"curies":[{"name":"wp","href":"https:\/\/api.w.org\/{rel}","templated":true}]}}