{"id":2859,"date":"2025-11-24T13:59:22","date_gmt":"2025-11-24T12:59:22","guid":{"rendered":"https:\/\/mlmorlaix.wordpress.com\/?page_id=2859"},"modified":"2025-12-16T17:33:00","modified_gmt":"2025-12-16T16:33:00","slug":"je-veux-reflechir-a-mon-avenir","status":"publish","type":"page","link":"http:\/\/www.mission-locale-morlaix.fr\/index.php\/espace-jeune\/formation\/je-veux-reflechir-a-mon-avenir\/","title":{"rendered":"Je veux r\u00e9fl\u00e9chir \u00e0 mon avenir"},"content":{"rendered":"\n<h4 class=\"wp-block-heading\"><strong>Je veux r\u00e9fl\u00e9chir \u00e0 mon avenir professionnel ou changer d&rsquo;orientation. J<\/strong><strong>e ne sais pas quoi faire, j&rsquo;ai une id\u00e9e, j&rsquo;aimerai d\u00e9couvrir un nouveau m\u00e9tier :<\/strong><\/h4>\n\n\n\n<p>Votre conseiller vous guide dans la d\u00e9finition, la mise en \u0153uvre de votre projet. Au cours d&rsquo;entretiens, vous \u00eates accompagn\u00e9 pour d\u00e9couvrir les secteurs d&rsquo;activit\u00e9s, les m\u00e9tiers, les formations.<\/p>\n\n\n\n<p>Vous pouvez faire des stages en entreprises par le biais de P\u00e9riodes de Mise en Situation en Milieu Professionnel (<em><strong><a href=\"https:\/\/www.service-public.fr\/particuliers\/vosdroits\/F14102\" target=\"_blank\" rel=\"noreferrer noopener\">PMSMP<\/a><\/strong><\/em>).<\/p>\n\n\n\n<p>Vous souhaitez pr\u00e9parer votre entr\u00e9e en formation qualifiante ou en emploi ?&nbsp;Vous pouvez acc\u00e9der \u00e0 des prestations financ\u00e9es par la R\u00e9gion Bretagne afin de&nbsp;concr\u00e9tiser votre projet professionnel : Pr\u00e9pa Avenir Jeunes, Pr\u00e9pa Projet et Pr\u00e9pa cl\u00e9s : <a href=\"https:\/\/www.bretagne.bzh\/aides\/fiches\/prepa-avenir\/\" target=\"_blank\" rel=\"noreferrer noopener\">PREPA Avenir<\/a> ;&nbsp;<a href=\"https:\/\/www.bretagne.bzh\/aides\/fiches\/prepa-projet\/\" target=\"_blank\" rel=\"noreferrer noopener\">PREPA Projet ; <\/a><a href=\"https:\/\/www.bretagne.bzh\/actualites\/developpez-vos-competences-de-base-avec-la-formation-prepa-cles\/\" target=\"_blank\" rel=\"noreferrer noopener\">PR\u00c9PA Cl\u00e9s<\/a><\/p>\n","protected":false},"excerpt":{"rendered":"<p>Je veux r\u00e9fl\u00e9chir \u00e0 mon avenir professionnel ou changer d&rsquo;orientation. Je ne sais pas quoi faire, j&rsquo;ai une id\u00e9e, j&rsquo;aimerai d\u00e9couvrir un nouveau m\u00e9tier : Votre conseiller vous guide dans la d\u00e9finition, la mise en \u0153uvre de votre projet. Au cours d&rsquo;entretiens, vous \u00eates accompagn\u00e9 pour d\u00e9couvrir les secteurs d&rsquo;activit\u00e9s, les m\u00e9tiers, les formations. Vous<a class=\"more-link\" href=\"http:\/\/www.mission-locale-morlaix.fr\/index.php\/espace-jeune\/formation\/je-veux-reflechir-a-mon-avenir\/\">Lire la suite <span class=\"screen-reader-text\">\u00ab\u00a0Je veux r\u00e9fl\u00e9chir \u00e0 mon avenir\u00a0\u00bb<\/span><\/a><\/p>\n","protected":false},"author":1,"featured_media":0,"parent":138,"menu_order":0,"comment_status":"closed","ping_status":"closed","template":"","meta":{"footnotes":""},"class_list":["post-2859","page","type-page","status-publish","hentry","entry"],"_links":{"self":[{"href":"http:\/\/www.mission-locale-morlaix.fr\/index.php\/wp-json\/wp\/v2\/pages\/2859","targetHints":{"allow":["GET"]}}],"collection":[{"href":"http:\/\/www.mission-locale-morlaix.fr\/index.php\/wp-json\/wp\/v2\/pages"}],"about":[{"href":"http:\/\/www.mission-locale-morlaix.fr\/index.php\/wp-json\/wp\/v2\/types\/page"}],"author":[{"embeddable":true,"href":"http:\/\/www.mission-locale-morlaix.fr\/index.php\/wp-json\/wp\/v2\/users\/1"}],"replies":[{"embeddable":true,"href":"http:\/\/www.mission-locale-morlaix.fr\/index.php\/wp-json\/wp\/v2\/comments?post=2859"}],"version-history":[{"count":1,"href":"http:\/\/www.mission-locale-morlaix.fr\/index.php\/wp-json\/wp\/v2\/pages\/2859\/revisions"}],"predecessor-version":[{"id":3421,"href":"http:\/\/www.mission-locale-morlaix.fr\/index.php\/wp-json\/wp\/v2\/pages\/2859\/revisions\/3421"}],"up":[{"embeddable":true,"href":"http:\/\/www.mission-locale-morlaix.fr\/index.php\/wp-json\/wp\/v2\/pages\/138"}],"wp:attachment":[{"href":"http:\/\/www.mission-locale-morlaix.fr\/index.php\/wp-json\/wp\/v2\/media?parent=2859"}],"curies":[{"name":"wp","href":"https:\/\/api.w.org\/{rel}","templated":true}]}}