{"id":2862,"date":"2025-11-24T14:01:25","date_gmt":"2025-11-24T13:01:25","guid":{"rendered":"https:\/\/mlmorlaix.wordpress.com\/?page_id=2862"},"modified":"2026-01-15T15:45:39","modified_gmt":"2026-01-15T14:45:39","slug":"je-souhaite-me-qualifier","status":"publish","type":"page","link":"http:\/\/www.mission-locale-morlaix.fr\/index.php\/espace-jeune\/formation\/je-souhaite-me-qualifier\/","title":{"rendered":"Je souhaite me qualifier"},"content":{"rendered":"\n<h4 class=\"wp-block-heading\"><strong>J&rsquo;ai valid\u00e9 un projet :<\/strong><\/h4>\n\n\n\n<p><strong>Que vous soyez demandeur d&#8217;emploi ou salari\u00e9<\/strong>, vous pouvez b\u00e9n\u00e9ficier de la formation continue. Votre conseiller peut vous diriger vers la formation qui vous convient et vers les organismes financeurs : le <em><strong><a href=\"http:\/\/www.bretagne.bzh\/\" target=\"_blank\" rel=\"noreferrer noopener\">Conseil R\u00e9gional de Bretagne<\/a><\/strong><\/em>, le <em><strong><a href=\"https:\/\/www.pole-emploi.fr\/accueil\/\" target=\"_blank\" rel=\"noreferrer noopener\">France Travail<\/a><\/strong><\/em>, le <a href=\"https:\/\/www.moncompteformation.gouv.fr\/espace-prive\/html\/#\/\" target=\"_blank\" rel=\"noreferrer noopener\"><em><strong>Compte Personnel de Formation<\/strong><\/em>,&#8230;<\/a><\/p>\n\n\n\n<p><strong>Si vous \u00eates salari\u00e9<\/strong>, la Mission Locale vous renseigne et vous oriente vers le bon partenaire.<\/p>\n\n\n\n<p><strong>Si vous souhaitez vous former en alternance<\/strong>, la Mission Locale vous accompagne dans la recherche de contrat : <a href=\"http:\/\/travail-emploi.gouv.fr\/formation-professionnelle\/se-former-en-alternance\/l-apprentissage-160\/contrat-apprentissage\" target=\"_blank\" rel=\"noreferrer noopener\"><em><strong>apprentissag<\/strong><\/em><em><strong>e<\/strong><\/em><\/a>, <em><strong><a href=\"http:\/\/travail-emploi.gouv.fr\/formation-professionnelle\/se-former-en-alternance\/le-contrat-de-professionnalisation\/article\/le-contrat-de-professionnalisation\" target=\"_blank\" rel=\"noreferrer noopener\">contrat de professionnalisation,<\/a><\/strong><\/em>&#8230;<\/p>\n\n\n\n<p><\/p>\n","protected":false},"excerpt":{"rendered":"<p>J&rsquo;ai valid\u00e9 un projet : Que vous soyez demandeur d&#8217;emploi ou salari\u00e9, vous pouvez b\u00e9n\u00e9ficier de la formation continue. Votre conseiller peut vous diriger vers la formation qui vous convient et vers les organismes financeurs : le Conseil R\u00e9gional de Bretagne, le France Travail, le Compte Personnel de Formation,&#8230; Si vous \u00eates salari\u00e9, la Mission<a class=\"more-link\" href=\"http:\/\/www.mission-locale-morlaix.fr\/index.php\/espace-jeune\/formation\/je-souhaite-me-qualifier\/\">Lire la suite <span class=\"screen-reader-text\">\u00ab\u00a0Je souhaite me qualifier\u00a0\u00bb<\/span><\/a><\/p>\n","protected":false},"author":1,"featured_media":0,"parent":138,"menu_order":0,"comment_status":"closed","ping_status":"closed","template":"","meta":{"footnotes":""},"class_list":["post-2862","page","type-page","status-publish","hentry","entry"],"_links":{"self":[{"href":"http:\/\/www.mission-locale-morlaix.fr\/index.php\/wp-json\/wp\/v2\/pages\/2862","targetHints":{"allow":["GET"]}}],"collection":[{"href":"http:\/\/www.mission-locale-morlaix.fr\/index.php\/wp-json\/wp\/v2\/pages"}],"about":[{"href":"http:\/\/www.mission-locale-morlaix.fr\/index.php\/wp-json\/wp\/v2\/types\/page"}],"author":[{"embeddable":true,"href":"http:\/\/www.mission-locale-morlaix.fr\/index.php\/wp-json\/wp\/v2\/users\/1"}],"replies":[{"embeddable":true,"href":"http:\/\/www.mission-locale-morlaix.fr\/index.php\/wp-json\/wp\/v2\/comments?post=2862"}],"version-history":[{"count":2,"href":"http:\/\/www.mission-locale-morlaix.fr\/index.php\/wp-json\/wp\/v2\/pages\/2862\/revisions"}],"predecessor-version":[{"id":3694,"href":"http:\/\/www.mission-locale-morlaix.fr\/index.php\/wp-json\/wp\/v2\/pages\/2862\/revisions\/3694"}],"up":[{"embeddable":true,"href":"http:\/\/www.mission-locale-morlaix.fr\/index.php\/wp-json\/wp\/v2\/pages\/138"}],"wp:attachment":[{"href":"http:\/\/www.mission-locale-morlaix.fr\/index.php\/wp-json\/wp\/v2\/media?parent=2862"}],"curies":[{"name":"wp","href":"https:\/\/api.w.org\/{rel}","templated":true}]}}