{"id":2947,"date":"2025-11-24T15:57:36","date_gmt":"2025-11-24T14:57:36","guid":{"rendered":"https:\/\/mlmorlaix.wordpress.com\/?page_id=2947"},"modified":"2026-01-15T15:47:10","modified_gmt":"2026-01-15T14:47:10","slug":"je-souhaite-acceder-aux-soins","status":"publish","type":"page","link":"http:\/\/www.mission-locale-morlaix.fr\/index.php\/espace-jeune\/mobilite-vie-quotidienne\/je-souhaite-acceder-aux-soins\/","title":{"rendered":"Je souhaite acc\u00e9der aux soins"},"content":{"rendered":"\n<div class=\"wp-block-group\"><div class=\"wp-block-group__inner-container is-layout-constrained wp-block-group-is-layout-constrained\">\n<ul class=\"wp-block-list\">\n<li>Vous vous posez des questions sur votre sant\u00e9 ?<\/li>\n\n\n\n<li>Vous ne savez pas o\u00f9 vous en \u00eates par rapport \u00e0 vos droits \u00ab\u00a0Sant\u00e9\u00a0\u00bb&nbsp; ?<\/li>\n<\/ul>\n\n\n\n<p>Liens : <a href=\"https:\/\/www.ameli.fr\/\"><em><strong>Caisse Primaire d&rsquo;A<\/strong><\/em><\/a><em><strong><a href=\"https:\/\/www.ameli.fr\/\" target=\"_blank\" rel=\"noreferrer noopener\">s<\/a><\/strong><\/em><a href=\"https:\/\/www.ameli.fr\/\" target=\"_blank\" rel=\"noreferrer noopener\"><em><strong>surance Maladi<\/strong><\/em>e<\/a>\u00a0, <a href=\"http:\/\/www.msa.fr\/lfy\" target=\"_blank\" rel=\"noreferrer noopener\"><em><strong>MSA<\/strong><\/em> (pour les salari\u00e9s du secteur agricole)<\/a>, Compl\u00e9mentaire sant\u00e9 dont <em><strong><a href=\"https:\/\/www.ameli.fr\/assure\/droits-demarches\/difficultes-acces-droits-soins\/complementaire-sante\" target=\"_blank\" rel=\"noreferrer noopener\">CMU.C<\/a> <\/strong><\/em>et <em><strong><a href=\"https:\/\/www.ameli.fr\/assure\/droits-demarches\/difficultes-acces-droits-soins\/complementaire-sante\/complementaire-sante-beneficiaires\" target=\"_blank\" rel=\"noreferrer noopener\">Aide\u00a0\u00e0 la Compl\u00e9mentaire Sant\u00e9<\/a><\/strong><\/em><\/p>\n\n\n\n<p><strong>-&gt; Pour toutes vos questions relatives \u00e0 la sant\u00e9, n&rsquo;h\u00e9sitez pas \u00e0 en parler \u00e0 votre conseiller, il pourra ainsi vous renseigner et vous orienter vers les partenaires adapt\u00e9s \u00e0 vos besoins.<\/strong><\/p>\n<\/div><\/div>\n\n\n\n<p><\/p>\n","protected":false},"excerpt":{"rendered":"<p>Liens : Caisse Primaire d&rsquo;Assurance Maladie\u00a0, MSA (pour les salari\u00e9s du secteur agricole), Compl\u00e9mentaire sant\u00e9 dont CMU.C et Aide\u00a0\u00e0 la Compl\u00e9mentaire Sant\u00e9 -&gt; Pour toutes vos questions relatives \u00e0 la sant\u00e9, n&rsquo;h\u00e9sitez pas \u00e0 en parler \u00e0 votre conseiller, il pourra ainsi vous renseigner et vous orienter vers les partenaires adapt\u00e9s \u00e0 vos besoins.<\/p>\n","protected":false},"author":1,"featured_media":2943,"parent":146,"menu_order":0,"comment_status":"closed","ping_status":"closed","template":"","meta":{"footnotes":""},"class_list":["post-2947","page","type-page","status-publish","has-post-thumbnail","hentry","entry"],"_links":{"self":[{"href":"http:\/\/www.mission-locale-morlaix.fr\/index.php\/wp-json\/wp\/v2\/pages\/2947","targetHints":{"allow":["GET"]}}],"collection":[{"href":"http:\/\/www.mission-locale-morlaix.fr\/index.php\/wp-json\/wp\/v2\/pages"}],"about":[{"href":"http:\/\/www.mission-locale-morlaix.fr\/index.php\/wp-json\/wp\/v2\/types\/page"}],"author":[{"embeddable":true,"href":"http:\/\/www.mission-locale-morlaix.fr\/index.php\/wp-json\/wp\/v2\/users\/1"}],"replies":[{"embeddable":true,"href":"http:\/\/www.mission-locale-morlaix.fr\/index.php\/wp-json\/wp\/v2\/comments?post=2947"}],"version-history":[{"count":3,"href":"http:\/\/www.mission-locale-morlaix.fr\/index.php\/wp-json\/wp\/v2\/pages\/2947\/revisions"}],"predecessor-version":[{"id":3696,"href":"http:\/\/www.mission-locale-morlaix.fr\/index.php\/wp-json\/wp\/v2\/pages\/2947\/revisions\/3696"}],"up":[{"embeddable":true,"href":"http:\/\/www.mission-locale-morlaix.fr\/index.php\/wp-json\/wp\/v2\/pages\/146"}],"wp:featuredmedia":[{"embeddable":true,"href":"http:\/\/www.mission-locale-morlaix.fr\/index.php\/wp-json\/"}],"wp:attachment":[{"href":"http:\/\/www.mission-locale-morlaix.fr\/index.php\/wp-json\/wp\/v2\/media?parent=2947"}],"curies":[{"name":"wp","href":"https:\/\/api.w.org\/{rel}","templated":true}]}}