{"id":3017,"date":"2025-12-09T09:04:14","date_gmt":"2025-12-09T08:04:14","guid":{"rendered":"https:\/\/mlmorlaix.wordpress.com\/?page_id=3017"},"modified":"2025-12-09T09:04:14","modified_gmt":"2025-12-09T08:04:14","slug":"mentions-legales","status":"publish","type":"page","link":"http:\/\/www.mission-locale-morlaix.fr\/index.php\/mentions-legales\/","title":{"rendered":"Mentions L\u00e9gales"},"content":{"rendered":"\n<h3 class=\"wp-block-heading\"><strong>Droits d&rsquo;auteur<\/strong><\/h3>\n\n\n\n<p>En application du code fran\u00e7ais de la Propri\u00e9t\u00e9 Intellectuelle les \u00e9l\u00e9ments textes, images, animations, noms de produits, pr\u00e9sents sur ce site sont la propri\u00e9t\u00e9 de la Mission Locale de Morlaix. Ainsi, la reproduction de ces \u00e9l\u00e9ments publi\u00e9s sur le site est seulement autoris\u00e9e \u00e0 des fins exclusives d&rsquo;information pour un usage personnel et priv\u00e9. Toute reproduction du contenu sans autorisation expresse de la Mission Locale de Morlaix est express\u00e9ment interdite. Par ailleurs, il est \u00e9galement interdit de copier, modifier, cr\u00e9er une oeuvre d\u00e9riv\u00e9e, inverser la conception graphique ou l&rsquo;assemblage visuel ou de toute autre mani\u00e8re tenter de trouver le code source (\u00e0 l&rsquo;exception des cas pr\u00e9vus par la loi). la Mission Locale de Morlaix se r\u00e9serve le droit de demander des dommages et int\u00e9r\u00eats en cas de contrefa\u00e7on et plus g\u00e9n\u00e9ralement d&rsquo;atteinte \u00e0 ses droits de propri\u00e9t\u00e9 intellectuelle.<\/p>\n\n\n\n<h3 class=\"wp-block-heading\"><strong>Protection des donn\u00e9es personnelles<\/strong><\/h3>\n\n\n\n<p>Vous serez amen\u00e9 \u00e0 nous communiquer des informations personnelles en remplissant notre formulaire de contact. Les informations que vous nous transmettez sont \u00e0 l&rsquo;usage exclusif du site de la Mission Locale de Morlaix et ne seront en aucun cas transmises \u00e0 des tiers. Tout utilisateur ayant d\u00e9pos\u00e9 sur ce site des informations directement ou indirectement nominatives, peut demander les informations le concernant aupr\u00e8s de la Mission Locale de Morlaix, et les faire rectifier le cas \u00e9ch\u00e9ant, conform\u00e9ment \u00e0 la loi fran\u00e7aise N\u00b7 78-17 du 6 janvier 1978 relative \u00e0 l&rsquo;informatique, aux fichiers et aux libert\u00e9s (CNIL). Pour toute question technique, merci de contacter le webmestre (Mission Locale : v.lescour@mlpm29.org).<\/p>\n\n\n\n<h3 class=\"wp-block-heading\"><strong>Cookies<\/strong><\/h3>\n\n\n\n<p>Un \u00ab\u00a0cookie\u00a0\u00bb est un fichier texte qui enregistre des informations relatives \u00e0 la navigation de votre navigateur sur un site web, vous pouvez le lire, le d\u00e9truire ou le modifier. Il ne peut pas \u00eatre utilis\u00e9 pour r\u00e9cup\u00e9rer des donn\u00e9es personnelles de votre disque dur, installer un virus, \u00eatre ex\u00e9cut\u00e9, lire votre adresse e-mail ou se procurer des informations personnelles. Le \u00ab\u00a0cookie\u00a0\u00bb est plac\u00e9, \u00e0 l&rsquo;occasion d&rsquo;une consultation, par le site serveur, sur le disque dur de l&rsquo;utilisateur de mani\u00e8re temporaire (\u00ab\u00a0cookie de session\u00a0\u00bb, stock\u00e9 le temps de la visite) ou durable (\u00ab\u00a0cookie permanent\u00a0\u00bb). Nous vous informons que vous pouvez \u00e0 tout moment vous opposer \u00e0 l&rsquo;enregistrement de cookies en modifiant les param\u00e8tres de connexion de votre navigateur internet. (Voir outils\/options internet).<\/p>\n\n\n\n<h3 class=\"wp-block-heading\"><strong>Liens<\/strong><\/h3>\n\n\n\n<p>Les responsables de services en ligne (autres sites web) qui cr\u00e9ent des liens vers ce site sont tenus d&rsquo;en informer la Mission Locale de Morlaix (v.lescour@mlpm29.org) pour autorisation.<\/p>\n\n\n\n<h3 class=\"wp-block-heading\"><strong>Interruption temporaire du site<\/strong><\/h3>\n\n\n\n<p>Il se peut que le site internet rencontre une courte p\u00e9riode d&rsquo;inactivit\u00e9. En cons\u00e9quence, la Mission Locale de Morlaix d\u00e9cline toute responsabilit\u00e9 :<br>&#8211; Pour toute interruption du site\u2028,<br>&#8211; Pour toute coupure de l&rsquo;un ou de certains services du site\u2028,<br>&#8211; Pour toute apparition de bogues ou soucis d&rsquo;affichages\u2028,<br>&#8211; Pour toute inexactitude ou omission portant sur des informations disponibles sur ce site (textes, photos, illustrations&#8230;)\u2028,<br>&#8211; Pour tout dommage r\u00e9sultant d&rsquo;une intrusion frauduleuse d&rsquo;un tiers ayant entra\u00een\u00e9 une modification des informations mises \u00e0 la disposition sur le site internet (textes, photos, illustrations&#8230;)\u2028,<br>&#8211; Pour tout dommage direct ou indirect, quelles qu&rsquo;en soient les causes, origines, natures ou cons\u00e9quences. Notamment les co\u00fbts pouvant survenir de l&rsquo;acquisition de biens propos\u00e9s par le site internet, les pertes de profits, de client\u00e8le, de donn\u00e9es ou tout autre perte de biens incorporels pouvant survenir en raison de l&rsquo;acc\u00e8s ou de l&rsquo;impossibilit\u00e9 d&rsquo;acc\u00e9der de quiconque au site internet.\u2028<br>&#8211; Pour tout cr\u00e9dit accord\u00e9 \u00e0 une quelconque information provenant directement ou indirectement du site internet.<\/p>\n","protected":false},"excerpt":{"rendered":"<p>Droits d&rsquo;auteur En application du code fran\u00e7ais de la Propri\u00e9t\u00e9 Intellectuelle les \u00e9l\u00e9ments textes, images, animations, noms de produits, pr\u00e9sents sur ce site sont la propri\u00e9t\u00e9 de la Mission Locale de Morlaix. Ainsi, la reproduction de ces \u00e9l\u00e9ments publi\u00e9s sur le site est seulement autoris\u00e9e \u00e0 des fins exclusives d&rsquo;information pour un usage personnel et<a class=\"more-link\" href=\"http:\/\/www.mission-locale-morlaix.fr\/index.php\/mentions-legales\/\">Lire la suite <span class=\"screen-reader-text\">\u00ab\u00a0Mentions L\u00e9gales\u00a0\u00bb<\/span><\/a><\/p>\n","protected":false},"author":1,"featured_media":0,"parent":0,"menu_order":0,"comment_status":"closed","ping_status":"closed","template":"","meta":{"footnotes":""},"class_list":["post-3017","page","type-page","status-publish","hentry","entry"],"_links":{"self":[{"href":"http:\/\/www.mission-locale-morlaix.fr\/index.php\/wp-json\/wp\/v2\/pages\/3017","targetHints":{"allow":["GET"]}}],"collection":[{"href":"http:\/\/www.mission-locale-morlaix.fr\/index.php\/wp-json\/wp\/v2\/pages"}],"about":[{"href":"http:\/\/www.mission-locale-morlaix.fr\/index.php\/wp-json\/wp\/v2\/types\/page"}],"author":[{"embeddable":true,"href":"http:\/\/www.mission-locale-morlaix.fr\/index.php\/wp-json\/wp\/v2\/users\/1"}],"replies":[{"embeddable":true,"href":"http:\/\/www.mission-locale-morlaix.fr\/index.php\/wp-json\/wp\/v2\/comments?post=3017"}],"version-history":[{"count":0,"href":"http:\/\/www.mission-locale-morlaix.fr\/index.php\/wp-json\/wp\/v2\/pages\/3017\/revisions"}],"wp:attachment":[{"href":"http:\/\/www.mission-locale-morlaix.fr\/index.php\/wp-json\/wp\/v2\/media?parent=3017"}],"curies":[{"name":"wp","href":"https:\/\/api.w.org\/{rel}","templated":true}]}}