{"id":34,"date":"2022-11-17T14:16:53","date_gmt":"2022-11-17T13:16:53","guid":{"rendered":"https:\/\/mlmorlaix.wordpress.com\/contact\/"},"modified":"2026-01-15T16:34:01","modified_gmt":"2026-01-15T15:34:01","slug":"contact","status":"publish","type":"page","link":"http:\/\/www.mission-locale-morlaix.fr\/index.php\/contact\/","title":{"rendered":"LA MISSION LOCALE"},"content":{"rendered":"\n<h2 class=\"wp-block-heading has-text-color has-link-color wp-elements-d396720d4e3da79b584a00904033cb15\" style=\"color:#a3c11f\"><strong><br>Nos horaires d&rsquo;ouverture<\/strong> :<\/h2>\n\n\n\n<h3 class=\"wp-block-heading has-text-color has-link-color wp-elements-208e11dee0eae5f38fdfe725add0ca55\" style=\"color:#a3c11f\"><strong>du lundi au jeudi<\/strong> : 9h00 &#8211; 12h00 \/ 13h30 &#8211; 17h00<\/h3>\n\n\n\n<h3 class=\"wp-block-heading has-text-color has-link-color wp-elements-d06a9a3770b79bc25ba2a5f2fdf74567\" style=\"color:#a3c11f\"><strong>le vendredi :<\/strong> 9h00 &#8211; 12h00 \/ 13h30 &#8211; 16h30<\/h3>\n\n\n\n<div style=\"height:32px\" aria-hidden=\"true\" class=\"wp-block-spacer desktop-only\"><\/div>\n\n\n\n<div class=\"wp-block-columns alignwide has-2-columns is-layout-flex wp-container-core-columns-is-layout-28f84493 wp-block-columns-is-layout-flex\">\n<div class=\"wp-block-column is-layout-flow wp-block-column-is-layout-flow\">\n<h2 class=\"wp-block-heading has-text-align-left has-text-color has-link-color wp-elements-8946b4c64127c143a27e27efa81dec19\" style=\"color:#a3195b\"><strong>Contactez-nous<\/strong><\/h2>\n\n\n\n<p class=\"has-text-color has-link-color wp-elements-1e408219d953f55f22c56ae032131920\" style=\"color:#a3195b\">Rue Jean Ca\u00ebrou &#8211; ZA La Boissi\u00e8re<br>29600 MORLAIX<\/p>\n\n\n\n<p class=\"has-text-color has-link-color wp-elements-dfa66df216b514b2c128999d606cf368\" style=\"color:#a3195b\">02.98.15.15.50<br>contact@mlpm29.org<br><\/p>\n<\/div>\n\n\n\n<div class=\"wp-block-column is-layout-flow wp-block-column-is-layout-flow\">\n<h2 class=\"wp-block-heading has-text-align-left\"><strong>Envoyez-nous un message<\/strong><\/h2>\n\n\n\n<div class=\"wp-block-contact-form-7-contact-form-selector\">\n<div class=\"wpcf7 no-js\" id=\"wpcf7-f3466-o1\" lang=\"fr-FR\" dir=\"ltr\" data-wpcf7-id=\"3466\">\n<div class=\"screen-reader-response\"><p role=\"status\" aria-live=\"polite\" aria-atomic=\"true\"><\/p> <ul><\/ul><\/div>\n<form action=\"\/index.php\/wp-json\/wp\/v2\/pages\/34#wpcf7-f3466-o1\" method=\"post\" class=\"wpcf7-form init\" aria-label=\"Formulaire de contact\" novalidate=\"novalidate\" data-status=\"init\">\n<fieldset class=\"hidden-fields-container\"><input type=\"hidden\" name=\"_wpcf7\" value=\"3466\" \/><input type=\"hidden\" name=\"_wpcf7_version\" value=\"6.1.4\" \/><input type=\"hidden\" name=\"_wpcf7_locale\" value=\"fr_FR\" \/><input type=\"hidden\" name=\"_wpcf7_unit_tag\" value=\"wpcf7-f3466-o1\" \/><input type=\"hidden\" name=\"_wpcf7_container_post\" value=\"0\" \/><input type=\"hidden\" name=\"_wpcf7_posted_data_hash\" value=\"\" \/>\n<\/fieldset>\n<p><label> Votre nom<br \/>\n<span class=\"wpcf7-form-control-wrap\" data-name=\"your-name\"><input size=\"40\" maxlength=\"400\" class=\"wpcf7-form-control wpcf7-text wpcf7-validates-as-required\" autocomplete=\"name\" aria-required=\"true\" aria-invalid=\"false\" value=\"\" type=\"text\" name=\"your-name\" \/><\/span> <\/label>\n<\/p>\n<p><label> Votre e-mail<br \/>\n<span class=\"wpcf7-form-control-wrap\" data-name=\"your-email\"><input size=\"40\" maxlength=\"400\" class=\"wpcf7-form-control wpcf7-email wpcf7-validates-as-required wpcf7-text wpcf7-validates-as-email\" autocomplete=\"email\" aria-required=\"true\" aria-invalid=\"false\" value=\"\" type=\"email\" name=\"your-email\" \/><\/span> <\/label>\n<\/p>\n<p><label> Objet<br \/>\n<span class=\"wpcf7-form-control-wrap\" data-name=\"your-subject\"><input size=\"40\" maxlength=\"400\" class=\"wpcf7-form-control wpcf7-text wpcf7-validates-as-required\" aria-required=\"true\" aria-invalid=\"false\" value=\"\" type=\"text\" name=\"your-subject\" \/><\/span> <\/label>\n<\/p>\n<p><label> Votre message (facultatif)<br \/>\n<span class=\"wpcf7-form-control-wrap\" data-name=\"your-message\"><textarea cols=\"40\" rows=\"10\" maxlength=\"2000\" class=\"wpcf7-form-control wpcf7-textarea\" aria-invalid=\"false\" name=\"your-message\"><\/textarea><\/span> <\/label>\n<\/p>\n<p><input class=\"wpcf7-form-control wpcf7-submit has-spinner\" type=\"submit\" value=\"Envoyer\" \/>\n<\/p><div class=\"wpcf7-response-output\" aria-hidden=\"true\"><\/div>\n<\/form>\n<\/div>\n<\/div>\n<\/div>\n<\/div>\n\n\n\n<div style=\"height:34px\" aria-hidden=\"true\" class=\"wp-block-spacer\"><\/div>\n\n\n\n<h2 class=\"wp-block-heading has-text-color has-link-color wp-elements-aee18390b7e24b527aba41a31bd2402e\" style=\"color:#2897d5\"><strong>Nos lieux d\u2019accueil<\/strong><\/h2>\n\n\n\n<p class=\"has-text-color has-link-color wp-elements-1ba06f3ea0c621acf87c95c2d840b3f4\" style=\"color:#2897d5\"><strong>Des services au plus pr\u00e8s :<\/strong><\/p>\n\n\n\n<p class=\"has-text-color has-link-color wp-elements-b5aee96f5790ba92f19589235d365ec7\" style=\"color:#2897d5\">Les collectivit\u00e9s territoriales soutiennent activement les actions en faveur des jeunes. Sur chaque territoire, nous avons d\u00e9velopp\u00e9 des antennes. Sur chacune de ces antennes, les jeunes y trouveront l&rsquo;ensemble des services propos\u00e9s.<\/p>\n\n\n\n<p class=\"has-text-color has-link-color wp-elements-a584c5b8831c624897ad9a5e279a8626\" style=\"color:#2897d5\"><a href=\"https:\/\/maps.app.goo.gl\/LFrTuVw6ARXcSgvk6\" data-type=\"link\" data-id=\"https:\/\/maps.app.goo.gl\/LFrTuVw6ARXcSgvk6\" target=\"_blank\" rel=\"noreferrer noopener\">Si\u00e8ge CMS Morlaix<\/a><\/p>\n\n\n\n<p class=\"has-text-color has-link-color wp-elements-d79116831fdc68871650364965b274dd\" style=\"color:#2897d5\"><a href=\"https:\/\/maps.app.goo.gl\/2d5gHugadj2Ayk4g7\" data-type=\"link\" data-id=\"https:\/\/maps.app.goo.gl\/2d5gHugadj2Ayk4g7\" target=\"_blank\" rel=\"noreferrer noopener\">MSAP Antenne de Landivisiau<\/a><\/p>\n\n\n\n<p class=\"has-text-color has-link-color wp-elements-eaa6cdb4ceb39b500a5ad65b60ba80ad\" style=\"color:#2897d5\"><a href=\"https:\/\/maps.app.goo.gl\/YcBC41dmUm5aQikaA\" data-type=\"link\" data-id=\"https:\/\/maps.app.goo.gl\/YcBC41dmUm5aQikaA\" target=\"_blank\" rel=\"noreferrer noopener\">MSAP antenne de Cl\u00e9der<\/a><\/p>\n\n\n\n<p class=\"has-text-color has-link-color wp-elements-5d878c872ed635b463763ac732444715\" style=\"color:#2897d5\"><a href=\"https:\/\/maps.app.goo.gl\/khqwnpqsLB8ShZDn9\" data-type=\"link\" data-id=\"https:\/\/maps.app.goo.gl\/khqwnpqsLB8ShZDn9\" target=\"_blank\" rel=\"noreferrer noopener\">MASP Antenne de Saint Pol de L\u00e9on<\/a><\/p>\n\n\n\n<p><\/p>\n","protected":false},"excerpt":{"rendered":"<p>Nos horaires d&rsquo;ouverture : du lundi au jeudi : 9h00 &#8211; 12h00 \/ 13h30 &#8211; 17h00 le vendredi : 9h00 &#8211; 12h00 \/ 13h30 &#8211; 16h30 Contactez-nous Rue Jean Ca\u00ebrou &#8211; ZA La Boissi\u00e8re29600 MORLAIX 02.98.15.15.50contact@mlpm29.org Envoyez-nous un message Nos lieux d\u2019accueil Des services au plus pr\u00e8s : Les collectivit\u00e9s territoriales soutiennent activement les actions<a class=\"more-link\" href=\"http:\/\/www.mission-locale-morlaix.fr\/index.php\/contact\/\">Lire la suite <span class=\"screen-reader-text\">\u00ab\u00a0LA MISSION LOCALE\u00a0\u00bb<\/span><\/a><\/p>\n","protected":false},"author":1,"featured_media":0,"parent":0,"menu_order":1,"comment_status":"closed","ping_status":"closed","template":"","meta":{"footnotes":""},"class_list":["post-34","page","type-page","status-publish","hentry","entry"],"_links":{"self":[{"href":"http:\/\/www.mission-locale-morlaix.fr\/index.php\/wp-json\/wp\/v2\/pages\/34","targetHints":{"allow":["GET"]}}],"collection":[{"href":"http:\/\/www.mission-locale-morlaix.fr\/index.php\/wp-json\/wp\/v2\/pages"}],"about":[{"href":"http:\/\/www.mission-locale-morlaix.fr\/index.php\/wp-json\/wp\/v2\/types\/page"}],"author":[{"embeddable":true,"href":"http:\/\/www.mission-locale-morlaix.fr\/index.php\/wp-json\/wp\/v2\/users\/1"}],"replies":[{"embeddable":true,"href":"http:\/\/www.mission-locale-morlaix.fr\/index.php\/wp-json\/wp\/v2\/comments?post=34"}],"version-history":[{"count":14,"href":"http:\/\/www.mission-locale-morlaix.fr\/index.php\/wp-json\/wp\/v2\/pages\/34\/revisions"}],"predecessor-version":[{"id":3716,"href":"http:\/\/www.mission-locale-morlaix.fr\/index.php\/wp-json\/wp\/v2\/pages\/34\/revisions\/3716"}],"wp:attachment":[{"href":"http:\/\/www.mission-locale-morlaix.fr\/index.php\/wp-json\/wp\/v2\/media?parent=34"}],"curies":[{"name":"wp","href":"https:\/\/api.w.org\/{rel}","templated":true}]}}